{"id":102,"date":"2019-04-08T16:58:35","date_gmt":"2019-04-08T13:58:35","guid":{"rendered":"http:\/\/www.hezzu.com\/vm\/?page_id=102"},"modified":"2024-07-27T09:52:21","modified_gmt":"2024-07-27T06:52:21","slug":"yhdistyksen-saannot","status":"publish","type":"page","link":"https:\/\/www.vmaxclubfinland.com\/vm\/vmax-club-finland-ry\/yhdistyksen-saannot\/","title":{"rendered":"Yhdistyksen s\u00e4\u00e4nn\u00f6t"},"content":{"rendered":"\n<h1 class=\"wp-block-heading\"><\/h1>\n\n\n\n<p><strong>1. Yhdistyksen nimi ja kotipaikka<\/strong><\/p>\n\n\n\n<p>Yhdistyksen nimi on&nbsp;<strong>Vmax Club Finland ry<\/strong>&nbsp;ja sen kotipaikka on Helsinki<\/p>\n\n\n\n<p>Yhdistys voi my\u00f6s k\u00e4ytt\u00e4\u00e4 nimest\u00e4\u00e4n ep\u00e4virallista lyhennett\u00e4&nbsp;<strong>VMCF<\/strong>.<\/p>\n\n\n\n<p><strong>2. Tarkoitus ja toiminnan laatu<\/strong><\/p>\n\n\n\n<p>Yhdistyksen tarkoituksena on<\/p>\n\n\n\n<p>&#8211; Koota yhteen suomalaiset Yamaha Vmax moottoripy\u00f6rien omistajat \/ haltijat ja toimia heit\u00e4 yhdist\u00e4v\u00e4n\u00e4 kerhona.&nbsp;<br><br>&#8211; Tuoda esille my\u00f6nteist\u00e4 kuvaa Vmax moottoripy\u00f6r\u00e4st\u00e4 ja moottoripy\u00f6r\u00e4harrastuksesta yleisesti.<\/p>\n\n\n\n<p><strong>Tarkoituksensa toteuttamiseksi yhdistys voi:<\/strong><\/p>\n\n\n\n<p>&#8211; j\u00e4rjest\u00e4\u00e4 tapaamisia j\u00e4senist\u00f6ns\u00e4 kesken, osallistua erilaisiin<\/p>\n\n\n\n<p>&#8211; moottoripy\u00f6r\u00e4tapahtumiin<\/p>\n\n\n\n<p>&#8211; tehd\u00e4 yhteisty\u00f6t\u00e4 muiden moottoripy\u00f6r\u00e4kerhojen ja yhdistysten kanssa<\/p>\n\n\n\n<p>&#8211; tehd\u00e4 kansainv\u00e4list\u00e4 yhteisty\u00f6t\u00e4 muiden Vmax kerhojen ja yhdistysten kanssa<\/p>\n\n\n\n<p>&#8211; julkaista lehti\u00e4 sek\u00e4 kirjallisuutta<\/p>\n\n\n\n<p>&#8211; yll\u00e4pit\u00e4\u00e4 omia internet sivuja<\/p>\n\n\n\n<p>&#8211; v\u00e4litt\u00e4\u00e4 j\u00e4senilleen voittoa tavoittelematta Vmax-aiheisia tuotteita ja tarvikkeita<\/p>\n\n\n\n<p><strong>3.<\/strong><strong>&nbsp;J\u00e4senet<\/strong><\/p>\n\n\n\n<p>Yhdistyksen j\u00e4seni\u00e4 ovat varsinaiset, kannatus- ja kunniaj\u00e4senet.<\/p>\n\n\n\n<p>Yhdistykseen varsinaiseksi j\u00e4seneksi voi liitty\u00e4 jokainen Yamaha Vmax moottoripy\u00f6r\u00e4n omistaja\/haltija, joka hyv\u00e4ksyy yhdistyksen tarkoituksen ja s\u00e4\u00e4nn\u00f6t.<\/p>\n\n\n\n<p>Kannatusj\u00e4seneksi voi liitty\u00e4 yksityishenkil\u00f6, oikeudellinen yhteis\u00f6 tai yritys, joka hyv\u00e4ksyy yhdistyksen tarkoituksen ja s\u00e4\u00e4nn\u00f6t ja joka haluaa tukea yhdistyksen tarkoitusta ja toimintaa.<\/p>\n\n\n\n<p>Varsinaiset j\u00e4senet ja kannatusj\u00e4senet hyv\u00e4ksyy hakemuksesta yhdistyksen hallitus.<\/p>\n\n\n\n<p>Kunniaj\u00e4seneksi hallitus voi ehdottaa henkil\u00f6\u00e4, jonka toiminta yhdistyksen ja sen tavoitteiden toteuttamiseksi on ollut erityisen ansiokasta. Kunniaj\u00e4senet hyv\u00e4ksyy yhdistyksen kokous.<\/p>\n\n\n\n<p><strong>4. J\u00e4senen eroaminen ja erottaminen<\/strong><\/p>\n\n\n\n<p>J\u00e4senell\u00e4 on oikeus erota yhdistyksest\u00e4 ilmoittamalla siit\u00e4 kirjallisesti hallitukselle tai sen puheenjohtajalle taikka ilmoittamalla erosta yhdistyksen kokouksessa merkitt\u00e4v\u00e4ksi p\u00f6yt\u00e4kirjaan.<\/p>\n\n\n\n<p>Hallitus voi erottaa varsinaisen- ja kannatusj\u00e4senen yhdistyksest\u00e4, jos j\u00e4sen on j\u00e4tt\u00e4nyt er\u00e4\u00e4ntyneen j\u00e4senmaksunsa maksamatta tai muuten j\u00e4tt\u00e4nyt t\u00e4ytt\u00e4m\u00e4tt\u00e4 ne velvoitukset, joihin h\u00e4n on yhdistykseen liittym\u00e4ll\u00e4 sitoutunut tai on menettelyll\u00e4\u00e4n yhdistyksess\u00e4 tai sen ulkopuolella huomattavasti vahingoittanut yhdistyst\u00e4 tai ei en\u00e4\u00e4 t\u00e4yt\u00e4 laissa taikka yhdistyksen s\u00e4\u00e4nn\u00f6iss\u00e4 mainittuja j\u00e4senyyden ehtoja.<\/p>\n\n\n\n<p>Kunniaj\u00e4senen erottamisesta p\u00e4\u00e4tt\u00e4\u00e4 yhdistyksen kokous.<\/p>\n\n\n\n<p><strong>5. Liittymis- ja j\u00e4senmaksu<\/strong><\/p>\n\n\n\n<p>J\u00e4senilt\u00e4 peritt\u00e4v\u00e4n liittymismaksun ja vuotuisen j\u00e4senmaksun suuruudesta p\u00e4\u00e4tt\u00e4\u00e4 syyskokous. Kunniaj\u00e4sen on vapautettu yhdistyksen vuotuisesta j\u00e4senmaksusta.<\/p>\n\n\n\n<p><strong>6. Hallitus<\/strong><\/p>\n\n\n\n<p>Yhdistyksen asioita hoitaa hallitus, johon kuuluu syyskokouksessa valitut puheenjohtaja ja kuusi (6) muuta varsinaista j\u00e4sent\u00e4 sek\u00e4 kaksi (2) varaj\u00e4sent\u00e4.<\/p>\n\n\n\n<p>Hallituksen toimikausi on syyskokousten v\u00e4linen aika.<\/p>\n\n\n\n<p>Hallitus valitsee keskuudestaan varapuheenjohtajan sek\u00e4 ottaa keskuudestaan tai ulkopuoleltaan sihteerin, rahastonhoitajan ja muut tarvittavat toimihenkil\u00f6t.<\/p>\n\n\n\n<p>Hallitus kokoontuu puheenjohtajan tai h\u00e4nen estyneen\u00e4 ollessaan varapuheenjohtajan kutsusta, kun he katsovat siihen olevan aihetta tai kun v\u00e4hint\u00e4\u00e4n puolet hallituksen j\u00e4senist\u00e4 sit\u00e4 vaatii.<\/p>\n\n\n\n<p>Hallitus on p\u00e4\u00e4t\u00f6svaltainen, kun v\u00e4hint\u00e4\u00e4n puolet sen j\u00e4senist\u00e4, puheenjohtaja tai varapuheenjohtaja mukaan luettuna on l\u00e4sn\u00e4. \u00c4\u00e4nestykset ratkaistaan yksinkertaisella \u00e4\u00e4nten enemmist\u00f6ll\u00e4. \u00c4\u00e4nten menness\u00e4 tasan ratkaisee puheenjohtajan \u00e4\u00e4ni, vaaleissa kuitenkin arpa.<\/p>\n\n\n\n<p>Hallitus voi asettaa avukseen toiminnan niin vaatiessa jaostoja sek\u00e4 tietty\u00e4 toimintaa varten toimikuntia<\/p>\n\n\n\n<p><strong>7. Yhdistyksen nimen kirjoittaminen<\/strong><\/p>\n\n\n\n<p>Yhdistyksen nimen kirjoittaa joko hallituksen puheenjohtaja, varapuheenjohtaja tai muu hallituksen m\u00e4\u00e4r\u00e4\u00e4m\u00e4 henkil\u00f6, kukin yksin.<\/p>\n\n\n\n<p><strong>8. Tilikausi ja tilintarkastus<\/strong><\/p>\n\n\n\n<p>Yhdistyksen tilikausi on kalenterivuosi.<\/p>\n\n\n\n<p>Tilinp\u00e4\u00e4t\u00f6s tarvittavine asiakirjoineen ja hallituksen vuosikertomus on annettava tilintarkastajille viimeist\u00e4\u00e4n kolme viikkoa ennen kev\u00e4tkokousta. Tilintarkastajien tulee antaa kirjallinen lausuntonsa viimeist\u00e4\u00e4n kaksi viikkoa ennen kev\u00e4tkokousta hallitukselle.<\/p>\n\n\n\n<p><strong>9. Yhdistyksen kokoukset<\/strong><\/p>\n\n\n\n<p>Yhdistys pit\u00e4\u00e4 vuosittain kaksi varsinaista kokousta.<\/p>\n\n\n\n<p>Yhdistyksen kev\u00e4tkokous pidet\u00e4\u00e4n tammi-toukokuussa ja syyskokous syys-joulukuussa hallituksen m\u00e4\u00e4r\u00e4\u00e4m\u00e4n\u00e4 p\u00e4iv\u00e4n\u00e4.<\/p>\n\n\n\n<p>Ylim\u00e4\u00e4r\u00e4inen kokous pidet\u00e4\u00e4n, kun yhdistyksen kokous niin p\u00e4\u00e4tt\u00e4\u00e4 tai kun hallitus katsoo siihen olevan aihetta tai kun v\u00e4hint\u00e4\u00e4n kymmenesosa (1\/10) yhdistyksen \u00e4\u00e4nioikeutetuista j\u00e4senist\u00e4 sit\u00e4 hallitukselta erityisesti ilmoitettua asiaa varten kirjallisesti vaatii. Kokous on pidett\u00e4v\u00e4 kolmenkymmenen vuorokauden kuluessa siit\u00e4, kun vaatimus sen pit\u00e4misest\u00e4 on esitetty hallitukselle.<\/p>\n\n\n\n<p>Yhdistyksen kokouksissa on jokaisella varsinaisella j\u00e4senell\u00e4 ja kunniaj\u00e4senell\u00e4 yksi \u00e4\u00e4ni. Kannatusj\u00e4senell\u00e4 on yhdistyksen kokouksessa puhe- ja l\u00e4sn\u00e4olo-oikeus.<\/p>\n\n\n\n<p>J\u00e4sen voi antaa toiselle j\u00e4senelle valtakirjan edustaa itse\u00e4\u00e4n yhdistyksen kokouksissa. Sek\u00e4 valtakirjan antajan ett\u00e4 saajan tulee olla yhdistyksen varsinaisia j\u00e4seni\u00e4.<\/p>\n\n\n\n<p>Yhdistyksen kokouksen p\u00e4\u00e4t\u00f6kseksi tulee, ellei s\u00e4\u00e4nn\u00f6iss\u00e4 ole toisin m\u00e4\u00e4r\u00e4tty, se mielipide, jota on kannattanut yli puolet annetuista \u00e4\u00e4nist\u00e4. \u00c4\u00e4nten menness\u00e4 tasan ratkaisee kokouksen puheenjohtajan \u00e4\u00e4ni, vaaleissa kuitenkin arpa.<\/p>\n\n\n\n<p><strong>10. Yhdistyksen kokousten koollekutsuminen<\/strong><\/p>\n\n\n\n<p>Hallituksen on kutsuttava yhdistyksen kokoukset koolle v\u00e4hint\u00e4\u00e4n nelj\u00e4toista (14) vuorokautta ennen kokousta j\u00e4senille l\u00e4hetetyll\u00e4 kirjeell\u00e4 tai s\u00e4hk\u00f6postilla j\u00e4senen ilmoittamaan osoitteeseen ja julkaisemalla kutsu yhdistyksen internet sivuilla.<\/p>\n\n\n\n<p><strong>11. Varsinaiset kokoukset<\/strong><\/p>\n\n\n\n<p><strong>Yhdistyksen kev\u00e4tkokouksessa k\u00e4sitell\u00e4\u00e4n seuraavat asiat:<\/strong><\/p>\n\n\n\n<p>1. kokouksen avaus<\/p>\n\n\n\n<p>2. valitaan kokouksen puheenjohtaja, sihteeri, kaksi p\u00f6yt\u00e4kirjantarkastajaa ja tarvittaessa kaksi \u00e4\u00e4ntenlaskijaa<\/p>\n\n\n\n<p>3. todetaan kokouksen laillisuus ja p\u00e4\u00e4t\u00f6svaltaisuus<\/p>\n\n\n\n<p>4. hyv\u00e4ksyt\u00e4\u00e4n kokouksen ty\u00f6j\u00e4rjestys<\/p>\n\n\n\n<p>5. esitet\u00e4\u00e4n tilinp\u00e4\u00e4t\u00f6s, vuosikertomus ja tilintarkastajien lausunto<\/p>\n\n\n\n<p>6. p\u00e4\u00e4tet\u00e4\u00e4n tilinp\u00e4\u00e4t\u00f6ksen vahvistamisesta ja vastuuvapauden my\u00f6nt\u00e4misest\u00e4 hallitukselle ja muille vastuuvelvollisille<\/p>\n\n\n\n<p>7. k\u00e4sitell\u00e4\u00e4n muut kokouskutsussa mainitut asiat.<\/p>\n\n\n\n<p><strong>Yhdistyksen syyskokouksessa k\u00e4sitell\u00e4\u00e4n seuraavat asiat<\/strong>&nbsp;:<\/p>\n\n\n\n<p>1. kokouksen avaus<\/p>\n\n\n\n<p>2. valitaan kokouksen puheenjohtaja, sihteeri, kaksi p\u00f6yt\u00e4kirjantarkastajaa ja tarvittaessa kaksi \u00e4\u00e4ntenlaskijaa<\/p>\n\n\n\n<p>3. todetaan kokouksen laillisuus ja p\u00e4\u00e4t\u00f6svaltaisuus<\/p>\n\n\n\n<p>4. hyv\u00e4ksyt\u00e4\u00e4n kokouksen ty\u00f6j\u00e4rjestys<\/p>\n\n\n\n<p>5. vahvistetaan toimintasuunnitelma, tulo- ja menoarvio sek\u00e4 liittymis- ja j\u00e4senmaksun suuruus seuraavalle kalenterivuodelle<\/p>\n\n\n\n<p>6. valitaan hallituksen puheenjohtaja ja muut j\u00e4senet<\/p>\n\n\n\n<p>7. valitaan kaksi tilintarkastajaa ja yksi varatilintarkastaja<\/p>\n\n\n\n<p>8. k\u00e4sitell\u00e4\u00e4n muut kokouskutsussa mainitut asiat.<\/p>\n\n\n\n<p>Mik\u00e4li yhdistyksen j\u00e4sen haluaa saada jonkin asian yhdistyksen kev\u00e4t- tai syyskokouksen k\u00e4sitelt\u00e4v\u00e4ksi, on h\u00e4nen ilmoitettava siit\u00e4 kirjallisesti hallitukselle niin hyviss\u00e4 ajoin, ett\u00e4 asia voidaan sis\u00e4llytt\u00e4\u00e4 kokouskutsuun.<\/p>\n\n\n\n<p><strong>12. S\u00e4\u00e4nt\u00f6jen muuttaminen ja yhdistyksen purkaminen<\/strong><\/p>\n\n\n\n<p>P\u00e4\u00e4t\u00f6s yhdistyksen s\u00e4\u00e4nt\u00f6jen muuttamisesta tehd\u00e4\u00e4n yhdistyksen varsinaisessa kokouksessa v\u00e4hint\u00e4\u00e4n kolmen nelj\u00e4sosan (3\/4) enemmist\u00f6ll\u00e4 annetuista \u00e4\u00e4nist\u00e4. Kokouskutsussa on mainittava s\u00e4\u00e4nt\u00f6jen muuttamisesta.<\/p>\n\n\n\n<p>P\u00e4\u00e4t\u00f6s yhdistyksen purkamisesta on teht\u00e4v\u00e4 kahdessa (2) per\u00e4kk\u00e4isess\u00e4 v\u00e4hint\u00e4\u00e4n kahden (2) kuukauden v\u00e4liajoin pidetyiss\u00e4 yhdistyksen kokouksissa. Kokouskutsussa on mainittava yhdistyksen purkamisesta.<\/p>\n\n\n\n<p>Purkamisp\u00e4\u00e4t\u00f6ksen tueksi on saatava molemmissa kokouksissa v\u00e4hint\u00e4\u00e4n kolmen nelj\u00e4sosaa (3\/4) annetuista \u00e4\u00e4nist\u00e4.<\/p>\n\n\n\n<p>Yhdistyksen purkautuessa k\u00e4ytet\u00e4\u00e4n yhdistyksen varat yhdistyksen tarkoituksen edist\u00e4miseen purkamisesta p\u00e4\u00e4tt\u00e4v\u00e4n kokouksen m\u00e4\u00e4r\u00e4\u00e4m\u00e4ll\u00e4 tavalla. Yhdistyksen tullessa lakkautetuksi k\u00e4ytet\u00e4\u00e4n sen varat samaan tarkoitukseen.<\/p>\n\n\n\n<p><strong>13.<\/strong><\/p>\n\n\n\n<p>Muutoin noudatetaan Suomen lakia ja mit\u00e4 laki yhdistyksist\u00e4 m\u00e4\u00e4r\u00e4\u00e4.<\/p>\n\n\n\n<p>(S\u00e4\u00e4nn\u00f6t hyv\u00e4ksytty PRH 22.11.2008)<\/p>\n","protected":false},"excerpt":{"rendered":"<p>1. Yhdistyksen nimi ja kotipaikka Yhdistyksen nimi on&nbsp;Vmax Club Finland ry&nbsp;ja sen kotipaikka on Helsinki Yhdistys voi my\u00f6s k\u00e4ytt\u00e4\u00e4 nimest\u00e4\u00e4n ep\u00e4virallista lyhennett\u00e4&nbsp;VMCF. 2. Tarkoitus ja toiminnan laatu Yhdistyksen tarkoituksena on &hellip; <a href=\"https:\/\/www.vmaxclubfinland.com\/vm\/vmax-club-finland-ry\/yhdistyksen-saannot\/\" class=\"more-link\">Jatka lukemista <span class=\"screen-reader-text\">Yhdistyksen s\u00e4\u00e4nn\u00f6t<\/span> <span class=\"meta-nav\">&rarr;<\/span><\/a><\/p>\n","protected":false},"author":586,"featured_media":0,"parent":47,"menu_order":0,"comment_status":"closed","ping_status":"closed","template":"page-templates\/full-width.php","meta":{"_EventAllDay":false,"_EventTimezone":"","_EventStartDate":"","_EventEndDate":"","_EventStartDateUTC":"","_EventEndDateUTC":"","_EventShowMap":false,"_EventShowMapLink":false,"_EventURL":"","_EventCost":"","_EventCostDescription":"","_EventCurrencySymbol":"","_EventCurrencyCode":"","_EventCurrencyPosition":"","_EventDateTimeSeparator":"","_EventTimeRangeSeparator":"","_EventOrganizerID":[],"_EventVenueID":[],"_OrganizerEmail":"","_OrganizerPhone":"","_OrganizerWebsite":"","_VenueAddress":"","_VenueCity":"","_VenueCountry":"","_VenueProvince":"","_VenueState":"","_VenueZip":"","_VenuePhone":"","_VenueURL":"","_VenueStateProvince":"","_VenueLat":"","_VenueLng":"","_VenueShowMap":false,"_VenueShowMapLink":false,"footnotes":""},"class_list":["post-102","page","type-page","status-publish","hentry"],"_links":{"self":[{"href":"https:\/\/www.vmaxclubfinland.com\/vm\/wp-json\/wp\/v2\/pages\/102","targetHints":{"allow":["GET"]}}],"collection":[{"href":"https:\/\/www.vmaxclubfinland.com\/vm\/wp-json\/wp\/v2\/pages"}],"about":[{"href":"https:\/\/www.vmaxclubfinland.com\/vm\/wp-json\/wp\/v2\/types\/page"}],"author":[{"embeddable":true,"href":"https:\/\/www.vmaxclubfinland.com\/vm\/wp-json\/wp\/v2\/users\/586"}],"replies":[{"embeddable":true,"href":"https:\/\/www.vmaxclubfinland.com\/vm\/wp-json\/wp\/v2\/comments?post=102"}],"version-history":[{"count":2,"href":"https:\/\/www.vmaxclubfinland.com\/vm\/wp-json\/wp\/v2\/pages\/102\/revisions"}],"predecessor-version":[{"id":190,"href":"https:\/\/www.vmaxclubfinland.com\/vm\/wp-json\/wp\/v2\/pages\/102\/revisions\/190"}],"up":[{"embeddable":true,"href":"https:\/\/www.vmaxclubfinland.com\/vm\/wp-json\/wp\/v2\/pages\/47"}],"wp:attachment":[{"href":"https:\/\/www.vmaxclubfinland.com\/vm\/wp-json\/wp\/v2\/media?parent=102"}],"curies":[{"name":"wp","href":"https:\/\/api.w.org\/{rel}","templated":true}]}}