{"id":1390,"date":"2020-01-25T13:01:25","date_gmt":"2020-01-25T11:01:25","guid":{"rendered":"https:\/\/www.vmaxclubfinland.com\/vm\/?page_id=1390"},"modified":"2020-01-29T12:44:18","modified_gmt":"2020-01-29T10:44:18","slug":"historian-havinaa","status":"publish","type":"page","link":"https:\/\/www.vmaxclubfinland.com\/vm\/jasenasiat\/historian-havinaa\/","title":{"rendered":"Historian havinaa"},"content":{"rendered":"<div class=\"members-access-error\">Sinulla ei ole oikeuksia tarkastella t\u00e4t\u00e4 sis\u00e4lt\u00f6\u00e4.<\/div>\n","protected":false},"excerpt":{"rendered":"<div class=\"members-access-error\">Sinulla ei ole oikeuksia tarkastella t\u00e4t\u00e4 sis\u00e4lt\u00f6\u00e4.<\/div>\n","protected":false},"author":586,"featured_media":0,"parent":121,"menu_order":0,"comment_status":"closed","ping_status":"closed","template":"","meta":{"_EventAllDay":false,"_EventTimezone":"","_EventStartDate":"","_EventEndDate":"","_EventStartDateUTC":"","_EventEndDateUTC":"","_EventShowMap":false,"_EventShowMapLink":false,"_EventURL":"","_EventCost":"","_EventCostDescription":"","_EventCurrencySymbol":"","_EventCurrencyCode":"","_EventCurrencyPosition":"","_EventDateTimeSeparator":"","_EventTimeRangeSeparator":"","_EventOrganizerID":[],"_EventVenueID":[],"_OrganizerEmail":"","_OrganizerPhone":"","_OrganizerWebsite":"","_VenueAddress":"","_VenueCity":"","_VenueCountry":"","_VenueProvince":"","_VenueState":"","_VenueZip":"","_VenuePhone":"","_VenueURL":"","_VenueStateProvince":"","_VenueLat":"","_VenueLng":"","_VenueShowMap":false,"_VenueShowMapLink":false,"footnotes":""},"class_list":["post-1390","page","type-page","status-publish","hentry"],"_links":{"self":[{"href":"https:\/\/www.vmaxclubfinland.com\/vm\/wp-json\/wp\/v2\/pages\/1390","targetHints":{"allow":["GET"]}}],"collection":[{"href":"https:\/\/www.vmaxclubfinland.com\/vm\/wp-json\/wp\/v2\/pages"}],"about":[{"href":"https:\/\/www.vmaxclubfinland.com\/vm\/wp-json\/wp\/v2\/types\/page"}],"author":[{"embeddable":true,"href":"https:\/\/www.vmaxclubfinland.com\/vm\/wp-json\/wp\/v2\/users\/586"}],"replies":[{"embeddable":true,"href":"https:\/\/www.vmaxclubfinland.com\/vm\/wp-json\/wp\/v2\/comments?post=1390"}],"version-history":[{"count":7,"href":"https:\/\/www.vmaxclubfinland.com\/vm\/wp-json\/wp\/v2\/pages\/1390\/revisions"}],"predecessor-version":[{"id":1472,"href":"https:\/\/www.vmaxclubfinland.com\/vm\/wp-json\/wp\/v2\/pages\/1390\/revisions\/1472"}],"up":[{"embeddable":true,"href":"https:\/\/www.vmaxclubfinland.com\/vm\/wp-json\/wp\/v2\/pages\/121"}],"wp:attachment":[{"href":"https:\/\/www.vmaxclubfinland.com\/vm\/wp-json\/wp\/v2\/media?parent=1390"}],"curies":[{"name":"wp","href":"https:\/\/api.w.org\/{rel}","templated":true}]}}