{"id":1429,"date":"2020-01-26T13:13:11","date_gmt":"2020-01-26T11:13:11","guid":{"rendered":"https:\/\/www.vmaxclubfinland.com\/vm\/?page_id=1429"},"modified":"2021-05-25T06:53:26","modified_gmt":"2021-05-25T03:53:26","slug":"tulevat-tapahtumat","status":"publish","type":"page","link":"https:\/\/www.vmaxclubfinland.com\/vm\/jasenasiat\/tulevat-tapahtumat\/","title":{"rendered":"Tulevat tapahtumat"},"content":{"rendered":"\n<figure class=\"wp-block-image size-large\"><img loading=\"lazy\" decoding=\"async\" width=\"424\" height=\"229\" src=\"https:\/\/www.vmaxclubfinland.com\/vm\/wp-content\/uploads\/2020\/01\/Tapahtumat.jpg\" alt=\"\" class=\"wp-image-1430\" srcset=\"https:\/\/www.vmaxclubfinland.com\/vm\/wp-content\/uploads\/2020\/01\/Tapahtumat.jpg 424w, https:\/\/www.vmaxclubfinland.com\/vm\/wp-content\/uploads\/2020\/01\/Tapahtumat-300x162.jpg 300w\" sizes=\"auto, (max-width: 424px) 100vw, 424px\" \/><\/figure>\n\n\n\n<p>eik\u00f6h\u00e4n niit\u00e4kin t\u00e4nne saada..<br><\/p>\n\n\n\n<p><a href=\"https:\/\/www.vmaxclubfinland.com\/vm\/2021\/05\/25\/xx-helsinki-paivan-ajo-2021\/\"><strong>XX Helsinkip\u00e4iv\u00e4n ajot 2021<\/strong><\/a><\/p>\n\n\n\n<p><a href=\"https:\/\/www.vmaxclubfinland.com\/vm\/tapahtuma\/kerhotapaaminen\/\">Kerhotapaaminen 1.2.2020<\/a><\/p>\n\n\n\n<p><a href=\"https:\/\/www.vmaxclubfinland.com\/vm\/tapahtuma\/ajoharjoittelu-tapahtuma\/\">Punkaharju 14.2.2020<\/a><\/p>\n","protected":false},"excerpt":{"rendered":"<p>eik\u00f6h\u00e4n niit\u00e4kin t\u00e4nne saada.. XX Helsinkip\u00e4iv\u00e4n ajot 2021 Kerhotapaaminen 1.2.2020 Punkaharju 14.2.2020<\/p>\n","protected":false},"author":586,"featured_media":0,"parent":121,"menu_order":0,"comment_status":"closed","ping_status":"closed","template":"page-templates\/full-width.php","meta":{"_EventAllDay":false,"_EventTimezone":"","_EventStartDate":"","_EventEndDate":"","_EventStartDateUTC":"","_EventEndDateUTC":"","_EventShowMap":false,"_EventShowMapLink":false,"_EventURL":"","_EventCost":"","_EventCostDescription":"","_EventCurrencySymbol":"","_EventCurrencyCode":"","_EventCurrencyPosition":"","_EventDateTimeSeparator":"","_EventTimeRangeSeparator":"","_EventOrganizerID":[],"_EventVenueID":[],"_OrganizerEmail":"","_OrganizerPhone":"","_OrganizerWebsite":"","_VenueAddress":"","_VenueCity":"","_VenueCountry":"","_VenueProvince":"","_VenueState":"","_VenueZip":"","_VenuePhone":"","_VenueURL":"","_VenueStateProvince":"","_VenueLat":"","_VenueLng":"","_VenueShowMap":false,"_VenueShowMapLink":false,"footnotes":""},"class_list":["post-1429","page","type-page","status-publish","hentry"],"_links":{"self":[{"href":"https:\/\/www.vmaxclubfinland.com\/vm\/wp-json\/wp\/v2\/pages\/1429","targetHints":{"allow":["GET"]}}],"collection":[{"href":"https:\/\/www.vmaxclubfinland.com\/vm\/wp-json\/wp\/v2\/pages"}],"about":[{"href":"https:\/\/www.vmaxclubfinland.com\/vm\/wp-json\/wp\/v2\/types\/page"}],"author":[{"embeddable":true,"href":"https:\/\/www.vmaxclubfinland.com\/vm\/wp-json\/wp\/v2\/users\/586"}],"replies":[{"embeddable":true,"href":"https:\/\/www.vmaxclubfinland.com\/vm\/wp-json\/wp\/v2\/comments?post=1429"}],"version-history":[{"count":4,"href":"https:\/\/www.vmaxclubfinland.com\/vm\/wp-json\/wp\/v2\/pages\/1429\/revisions"}],"predecessor-version":[{"id":2350,"href":"https:\/\/www.vmaxclubfinland.com\/vm\/wp-json\/wp\/v2\/pages\/1429\/revisions\/2350"}],"up":[{"embeddable":true,"href":"https:\/\/www.vmaxclubfinland.com\/vm\/wp-json\/wp\/v2\/pages\/121"}],"wp:attachment":[{"href":"https:\/\/www.vmaxclubfinland.com\/vm\/wp-json\/wp\/v2\/media?parent=1429"}],"curies":[{"name":"wp","href":"https:\/\/api.w.org\/{rel}","templated":true}]}}