{"id":1738,"date":"2020-05-12T10:37:58","date_gmt":"2020-05-12T07:37:58","guid":{"rendered":"https:\/\/www.vmaxclubfinland.com\/vm\/?page_id=1738"},"modified":"2024-07-27T09:51:54","modified_gmt":"2024-07-27T06:51:54","slug":"viikkotapahtumat","status":"publish","type":"page","link":"https:\/\/www.vmaxclubfinland.com\/vm\/viikkotapahtumat\/","title":{"rendered":"Viikkotapahtumat"},"content":{"rendered":"\n<p>PK-Seutu:<br>Vantaa Torstaisin 18:00 &#8211; 20:00<br>Lekendaarinen Keh\u00e4-Kessa miss\u00e4 motoristeja on kahvitettu vuosikymmeni\u00e4. Torstaisin mahdollisuus bongata my\u00f6s muita motoristeja.<br>Paikka: <a href=\"https:\/\/goo.gl\/maps\/f9suA3sz66DcjAQ26\">Neste Keh\u00e4 III<\/a><\/p>\n\n\n\n<p>Oulu:<br>Oulun tori Torstaisin 18:00 &#8211; 20:00<br>Oulun torilla, toripoliisin luona<br>Paikka : <a rel=\"noreferrer noopener\" href=\"http:\/\/maps.google.fi\/maps?f=q&amp;hl=fi&amp;geocode=&amp;q=Rantakatu+7&amp;sll=65.013425,25.465279&amp;sspn=0.012363,0.039997&amp;ie=UTF8&amp;ll=65.014657,25.464764&amp;spn=0.005982,0.019999&amp;z=16\" target=\"_blank\">Oulun torilla, toripoliisin luona<\/a><\/p>\n\n\n\n<p>Tampere:<br>Tampere Mustalahti Tiistaisin 18:00 &#8211; 20:00<br>Mustalahden satama tiistaisin kello 18.00, paikalla yleens\u00e4 satoja py\u00f6ri\u00e4 ja joitakin maxeja<br>Paikka : <a rel=\"noreferrer noopener\" href=\"http:\/\/maps.google.fi\/maps?f=q&amp;hl=fi&amp;geocode=&amp;q=Mustalahti+tampere&amp;ie=UTF8&amp;ll=61.504683,23.743858&amp;spn=0.01599,0.05579&amp;z=15\" target=\"_blank\">Mustalahden satama, Tampere<\/a><\/p>\n\n\n\n<p>Turku:<br>Turku, Laivakahvila Espositon edess\u00e4 Keskiviikkoisin 18:00 &#8211; 20:00<br>\u00a0Paikka: <a rel=\"noreferrer noopener\" href=\"http:\/\/maps.google.fi\/maps?f=q&amp;source=s_q&amp;hl=fi&amp;geocode=&amp;q=L%C3%A4ntinen+Rantakatu+59&amp;sll=62.593341,27.575684&amp;sspn=17.214349,57.084961&amp;ie=UTF8&amp;hq=&amp;hnear=L%C3%A4ntinen+Rantakatu+59,+20100+Turku&amp;z=16\" target=\"_blank\">Aurajoen ranta, L\u00e4ntinen rantakatu, Laivakahvila Espositon edess\u00e4 <\/a><\/p>\n\n\n\n<p><\/p>\n","protected":false},"excerpt":{"rendered":"<p>PK-Seutu:Vantaa Torstaisin 18:00 &#8211; 20:00Lekendaarinen Keh\u00e4-Kessa miss\u00e4 motoristeja on kahvitettu vuosikymmeni\u00e4. Torstaisin mahdollisuus bongata my\u00f6s muita motoristeja.Paikka: Neste Keh\u00e4 III Oulu:Oulun tori Torstaisin 18:00 &#8211; 20:00Oulun torilla, toripoliisin luonaPaikka : &hellip; <a href=\"https:\/\/www.vmaxclubfinland.com\/vm\/viikkotapahtumat\/\" class=\"more-link\">Jatka lukemista <span class=\"screen-reader-text\">Viikkotapahtumat<\/span> <span class=\"meta-nav\">&rarr;<\/span><\/a><\/p>\n","protected":false},"author":586,"featured_media":0,"parent":0,"menu_order":0,"comment_status":"closed","ping_status":"closed","template":"","meta":{"_EventAllDay":false,"_EventTimezone":"","_EventStartDate":"","_EventEndDate":"","_EventStartDateUTC":"","_EventEndDateUTC":"","_EventShowMap":false,"_EventShowMapLink":false,"_EventURL":"","_EventCost":"","_EventCostDescription":"","_EventCurrencySymbol":"","_EventCurrencyCode":"","_EventCurrencyPosition":"","_EventDateTimeSeparator":"","_EventTimeRangeSeparator":"","_EventOrganizerID":[],"_EventVenueID":[],"_OrganizerEmail":"","_OrganizerPhone":"","_OrganizerWebsite":"","_VenueAddress":"","_VenueCity":"","_VenueCountry":"","_VenueProvince":"","_VenueState":"","_VenueZip":"","_VenuePhone":"","_VenueURL":"","_VenueStateProvince":"","_VenueLat":"","_VenueLng":"","_VenueShowMap":false,"_VenueShowMapLink":false,"footnotes":""},"class_list":["post-1738","page","type-page","status-publish","hentry"],"_links":{"self":[{"href":"https:\/\/www.vmaxclubfinland.com\/vm\/wp-json\/wp\/v2\/pages\/1738","targetHints":{"allow":["GET"]}}],"collection":[{"href":"https:\/\/www.vmaxclubfinland.com\/vm\/wp-json\/wp\/v2\/pages"}],"about":[{"href":"https:\/\/www.vmaxclubfinland.com\/vm\/wp-json\/wp\/v2\/types\/page"}],"author":[{"embeddable":true,"href":"https:\/\/www.vmaxclubfinland.com\/vm\/wp-json\/wp\/v2\/users\/586"}],"replies":[{"embeddable":true,"href":"https:\/\/www.vmaxclubfinland.com\/vm\/wp-json\/wp\/v2\/comments?post=1738"}],"version-history":[{"count":1,"href":"https:\/\/www.vmaxclubfinland.com\/vm\/wp-json\/wp\/v2\/pages\/1738\/revisions"}],"predecessor-version":[{"id":1740,"href":"https:\/\/www.vmaxclubfinland.com\/vm\/wp-json\/wp\/v2\/pages\/1738\/revisions\/1740"}],"wp:attachment":[{"href":"https:\/\/www.vmaxclubfinland.com\/vm\/wp-json\/wp\/v2\/media?parent=1738"}],"curies":[{"name":"wp","href":"https:\/\/api.w.org\/{rel}","templated":true}]}}