{"id":1772,"date":"2020-05-19T22:49:53","date_gmt":"2020-05-19T19:49:53","guid":{"rendered":"https:\/\/www.vmaxclubfinland.com\/vm\/?page_id=1772"},"modified":"2024-07-27T09:50:59","modified_gmt":"2024-07-27T06:50:59","slug":"rautaperat","status":"publish","type":"page","link":"https:\/\/www.vmaxclubfinland.com\/vm\/rautaperat\/","title":{"rendered":"rautaper\u00e4t"},"content":{"rendered":"\n<p>Kerholaisten ajamat RautaPerseet<\/p>\n\n\n\n<figure class=\"wp-block-image size-large is-resized\"><a href=\"https:\/\/www.ibafinland.fi\/\"><img loading=\"lazy\" decoding=\"async\" src=\"https:\/\/www.vmaxclubfinland.com\/vm\/wp-content\/uploads\/2020\/05\/IBAF_banner.gif\" alt=\"\" class=\"wp-image-1773\" width=\"399\" height=\"66\"\/><\/a><\/figure>\n\n\n\n<h3 class=\"wp-block-heading\">Kaikki suomessa vmaxilla ajetut rautaperseet kautta aikojen.<\/h3>\n\n\n\n<p>(Tiedot ker\u00e4tty IBA:n listalta k\u00e4sipelill\u00e4 eli jos huomaat virheit\u00e4 tai tietoja puuttuu, ota yhteytt\u00e4 Webmasteriin)<\/p>\n\n\n\n<figure class=\"wp-block-table\"><table><tbody><tr><td>Ajaja ( &amp; matkustaja)<\/td><td>KM<\/td><td>Mailia<\/td><td>Suoritus<\/td><td>PVM<\/td><\/tr><tr><td>Partanen Aimo<\/td><td>1704 km<\/td><td>1059 ml<\/td><td>SS1000<\/td><td>21.7.2000<\/td><\/tr><tr><td>Nordstr\u00f6m Ralf<\/td><td>1710 km<\/td><td>1063 ml<\/td><td>SS1000<\/td><td>15.6.2001<\/td><\/tr><tr><td>Tuominen Ville<\/td><td>1752 km<\/td><td>1089 ml<\/td><td>SS1000<\/td><td>4.7.2001<\/td><\/tr><tr><td>\u00d6hman Tuomo<\/td><td>1775 km<\/td><td>1103 ml<\/td><td>SS1000<\/td><td>28.7.2001<\/td><\/tr><tr><td>Lassila Erkki<\/td><td>1737 km<\/td><td>1080 ml<\/td><td>SS1000<\/td><td>3.8.2001<\/td><\/tr><tr><td>Karhu Jussi<\/td><td>1648 km<\/td><td>1024 ml<\/td><td>SS1000<\/td><td>29.6.2002<\/td><\/tr><tr><td>Torkkel Juha<\/td><td>1649 km<\/td><td>1025 ml<\/td><td>SS1000<\/td><td>25.6.2003<\/td><\/tr><tr><td>Gr\u00f6nlund Pekka<\/td><td>1626 km<\/td><td>1011 ml<\/td><td>SS1000<\/td><td>2.8.2003<\/td><\/tr><tr><td>Oinas Jussi<\/td><td>1660 km<\/td><td>1032 ml<\/td><td>SS1000<\/td><td>16.8.2003<\/td><\/tr><tr><td>Sundelin Patrik<\/td><td>3301 km<\/td><td>2052 ml<\/td><td>SS2000 FINLAND<\/td><td>2.7.2004<\/td><\/tr><tr><td>Alatalo Allu<\/td><td>1640 km<\/td><td>1019 ml<\/td><td>SS1000<\/td><td>3.6.2006<\/td><\/tr><tr><td>Marttila Markku<\/td><td>1640 km<\/td><td>1019 ml<\/td><td>SS1000<\/td><td>3.6.2006<\/td><\/tr><tr><td>Pekkala Jaakko<\/td><td>1640 km<\/td><td>1019 ml<\/td><td>SS1000<\/td><td>3.6.2006<\/td><\/tr><tr><td>Pekkala Jari<\/td><td>1640 km<\/td><td>1019 ml<\/td><td>SS1000<\/td><td>3.6.2006<\/td><\/tr><tr><td>Laurola Juha<\/td><td>1609 km<\/td><td>1000 ml<\/td><td>SS1000<\/td><td>8.6.2006<\/td><\/tr><tr><td>Sulkko Simo<\/td><td>1649 km<\/td><td>1025 ml<\/td><td>SS1000<\/td><td>2.6.2007<\/td><\/tr><tr><td>Kangasmaa Pirkko<\/td><td>1688 km<\/td><td>1049 ml<\/td><td>SS1000<\/td><td>9.8.2007<\/td><\/tr><tr><td>Kippo Tenho<\/td><td>1648 km<\/td><td>1024 ml<\/td><td>SS1000<\/td><td>9.8.2007<\/td><\/tr><tr><td>Pietil\u00e4 Jari<\/td><td>1645 km<\/td><td>1022 ml<\/td><td>SS1000<\/td><td>9.8.2007<\/td><\/tr><tr><td>Syrj\u00e4 Risto<\/td><td>1688 km<\/td><td>1049 ml<\/td><td>SS1000<\/td><td>9.8.2007<\/td><\/tr><tr><td>Iljana Antti<\/td><td>1662 km<\/td><td>1033 ml<\/td><td>SS1000<\/td><td>18.8.2007<\/td><\/tr><tr><td>Kippo Tenho<\/td><td>2503 km<\/td><td>1556 ml<\/td><td>BB2500K<\/td><td>13.6.2008<\/td><\/tr><tr><td>Syrj\u00e4 Pirkko<\/td><td>2461 km<\/td><td>1530 ml<\/td><td>BB1500<\/td><td>13.6.2008<\/td><\/tr><tr><td>Syrj\u00e4 Risto<\/td><td>2461 km<\/td><td>1530 ml<\/td><td>BB1500<\/td><td>13.6.2008<\/td><\/tr><tr><td>Takaneva Mika<\/td><td>1628 km<\/td><td>1012 ml<\/td><td>SS1000<\/td><td>9.7.2008<\/td><\/tr><tr><td>Kes\u00e4l\u00e4 Jani<\/td><td>1632 km<\/td><td>1014 ml<\/td><td>SS1000<\/td><td>18.7.2008<\/td><\/tr><tr><td>Jokinen Juha-Matti<\/td><td>1679 km<\/td><td>1044 ml<\/td><td>SS1600K<\/td><td>23.7.2008<\/td><\/tr><tr><td>Laitinen Asko<\/td><td>1629 km<\/td><td>1012 ml<\/td><td>SS1000<\/td><td>30.5.2009<\/td><\/tr><tr><td>Syrj\u00e4 Pirkko<\/td><td>1619 km<\/td><td>1006 ml<\/td><td>SS1600K<\/td><td>9.6.2009<\/td><\/tr><tr><td>Syrj\u00e4 Risto<\/td><td>1619 km<\/td><td>1006 ml<\/td><td>SS1600K<\/td><td>9.6.2009<\/td><\/tr><tr><td>Jokinen Juha-Matti<\/td><td>2462 km<\/td><td>1530 ml<\/td><td>BB1500<\/td><td>12.6.2009<\/td><\/tr><tr><td>Pajunen Tuomas &amp; Laaksonen Maria<\/td><td>1604 km<\/td><td>997 ml<\/td><td>SS1600K<\/td><td>17.6.2009<\/td><\/tr><tr><td>Collander Toni<\/td><td>1650 km<\/td><td>1025 ml<\/td><td>SS1000<\/td><td>19.6.2009<\/td><\/tr><tr><td>Liljelund Lasse<\/td><td>1679 km<\/td><td>1044 ml<\/td><td>SS1000<\/td><td>27.6.2009<\/td><\/tr><tr><td>T\u00f6rm\u00e4nen Jouni<\/td><td>1639 km<\/td><td>1019 ml<\/td><td>SS1000<\/td><td>5.7.2009<\/td><\/tr><tr><td>Syrj\u00e4 Pirkko<\/td><td>2529 km<\/td><td>1572 ml<\/td><td>BB1500 FINLAND<\/td><td>18.7.2009<\/td><\/tr><tr><td>Syrj\u00e4 Risto<\/td><td>2529 km<\/td><td>1572 ml<\/td><td>BB1500 FINLAND<\/td><td>18.7.2009<\/td><\/tr><tr><td>Tirkkonen Marko<\/td><td>1725 km<\/td><td>1072 ml<\/td><td>SS1000<\/td><td>1.8.2009<\/td><\/tr><tr><td>Rautakoski Matti<\/td><td>1720 km<\/td><td>1069 ml<\/td><td>SS1000<\/td><td>14.8.2009<\/td><\/tr><tr><td>Blomqvist Tom &amp; Salmi P\u00e4ivi<\/td><td>1671 km<\/td><td>1039 ml<\/td><td>SS1000<\/td><td>5.6.2010<\/td><\/tr><tr><td>Norrg\u00e5rd Johan<\/td><td>1671 km<\/td><td>1039 ml<\/td><td>SS1000<\/td><td>5.6.2010<\/td><\/tr><tr><td>Sartj\u00e4rvi Timo<\/td><td>1616 km<\/td><td>1004 ml<\/td><td>SS1600K<\/td><td>1.7.2010<\/td><\/tr><tr><td>V\u00e4\u00e4r\u00e4 Heikki<\/td><td>1626 km<\/td><td>1011 ml<\/td><td>SS1000<\/td><td>3.7.2010<\/td><\/tr><tr><td>Ruuskanen Markku<\/td><td>1661 km<\/td><td>1032 ml<\/td><td>SS1000<\/td><td>10.7.2010<\/td><\/tr><tr><td>T\u00f6rm\u00e4nen Jouni &amp; T\u00f6rm\u00e4nen Minna<\/td><td>1627 km<\/td><td>1011 ml<\/td><td>SS1000<\/td><td>5.8.2010<\/td><\/tr><tr><td>Keramaa Mika<\/td><td>1701 km<\/td><td>1057 ml<\/td><td>SS1000<\/td><td>13.8.2010<\/td><\/tr><tr><td>T\u00f6rm\u00e4nen Jouni<\/td><td>2004 km<\/td><td>1245 ml<\/td><td>SS2000K<\/td><td>9.9.2010<\/td><\/tr><tr><td>Nikko Jukka<\/td><td>1618 km<\/td><td>1006 ml<\/td><td>SS1000<\/td><td>9.7.2011<\/td><\/tr><tr><td>Ilves Marko<\/td><td>1614 km<\/td><td>1003 ml<\/td><td>SS1000<\/td><td>24.7.2011<\/td><\/tr><tr><td>Paarmas Tomi<\/td><td>1661 km<\/td><td>1032 ml<\/td><td>SS1000<\/td><td>14.8.2011<\/td><\/tr><tr><td>Ilves Marko<\/td><td>2015 km<\/td><td>1252 ml<\/td><td>SS2000K<\/td><td>28.5.2012<\/td><\/tr><tr><td>Sihvonen Marko &amp; Niemi Riitta<\/td><td>1670 km<\/td><td>1038 ml<\/td><td>SS1000<\/td><td>15.6.2012<\/td><\/tr><tr><td>Collander Toni<\/td><td>1653 km<\/td><td>1027 ml<\/td><td>SS1000<\/td><td>22.6.2012<\/td><\/tr><tr><td>Poikolainen Petteri<\/td><td>1660 km<\/td><td>1032 ml<\/td><td>SS1000<\/td><td>24.7.2012<\/td><\/tr><tr><td>Ilves Marko<\/td><td>2581 km<\/td><td>1604 ml<\/td><td>BB1500 FINLAND<\/td><td>27.5.2013<\/td><\/tr><tr><td>Ilves Marko<\/td><td>3018 km<\/td><td>1876 ml<\/td><td>BB3000K NEW vmax<\/td><td>24.8.2013<\/td><\/tr><tr><td>Heino Heikki<\/td><td>1621 km<\/td><td>1007 ml<\/td><td>SS1000 New vmax<\/td><td>19.7.2014<\/td><\/tr><tr><td>Kemppainen Kalle<\/td><td>1614 km<\/td><td>1003 ml<\/td><td>SS1000<\/td><td>27.7.2014<\/td><\/tr><tr><td>R\u00f6yti\u00f6 Seppo<\/td><td>1608 km<\/td><td>999 ml<\/td><td>SS1600K<\/td><td>4.7.2015<\/td><\/tr><tr><td>R\u00f6yti\u00f6 Suvi<\/td><td>1608 km<\/td><td>999 ml<\/td><td>SS1600K<\/td><td>4.7.2015<\/td><\/tr><tr><td>Collander Toni<\/td><td>1614 km<\/td><td>1003 ml<\/td><td>SS1000 New vmax<\/td><td>12.9.2015<\/td><\/tr><tr><td>Matilainen Mika<\/td><td>1631 km<\/td><td>1014 ml<\/td><td>SS1000<\/td><td>4.6.2016<\/td><\/tr><tr><td>Koskelo Kimmo<\/td><td>1685 km<\/td><td>1047 ml<\/td><td>SS1000<\/td><td>26.6.2016<\/td><\/tr><tr><td>Kujala Ville<\/td><td>1613 km<\/td><td>1002 ml<\/td><td>SS1000<\/td><td>11.7.2016<\/td><\/tr><tr><td>Kemppainen Kalle<\/td><td>1696 km<\/td><td>1054 ml<\/td><td>SS1000<\/td><td>20.7.2016<\/td><\/tr><tr><td>Mattila Kari<\/td><td>1696 km<\/td><td>1054 ml<\/td><td>SS1000<\/td><td>20.7.2016<\/td><\/tr><tr><td>Kauppinen Yrj\u00f6<\/td><td>1687 km<\/td><td>1048 ml<\/td><td>SS1000<\/td><td>24.5.2017<\/td><\/tr><tr><td>Willman Jukka<\/td><td>1709 km<\/td><td>1062 ml<\/td><td>SS1000<\/td><td>5.8.2017<\/td><\/tr><tr><td>Mattila Kari<\/td><td>1664 km<\/td><td>1034 ml<\/td><td>SS1000<\/td><td>26.8.2017<\/td><\/tr><tr><td>Matilainen Mika<\/td><td>1658 km<\/td><td>1030 ml<\/td><td>SS1000<\/td><td>22.6.2018<\/td><\/tr><tr><td>Collander Toni<\/td><td>1630 km<\/td><td>1013 ml<\/td><td>SS1000<\/td><td>30.6.2018<\/td><\/tr><tr><td>Kontunen Olli-Pekka<\/td><td>1645 km<\/td><td>1022 ml<\/td><td>SS1000<\/td><td>30.6.2018<\/td><\/tr><tr><td>Lanki Petri<\/td><td>1674 km<\/td><td>1040 ml<\/td><td>SS1000<\/td><td>30.6.2018<\/td><\/tr><tr><td>Mattila Kari<\/td><td>1646 km<\/td><td>1023<\/td><td>SS1000<\/td><td>30.6.2018<\/td><\/tr><tr><td>Koskinen Marko<\/td><td>1936 km<\/td><td>1203 ml<\/td><td>SS1000<\/td><td>15.6.2020<\/td><\/tr><tr><td>Ailunka Sari<\/td><td>1642 km<\/td><td>1021 ml<\/td><td>SS1000<\/td><td>27.6.2020<\/td><\/tr><tr><td>Nippala Jyrki<\/td><td>1617 km<\/td><td>1005 ml<\/td><td>SS1000<\/td><td>17.7.2020<\/td><\/tr><tr><td>Kuosmanen Hans<\/td><td>1668 km<\/td><td>1037 ml<\/td><td>SS1000<\/td><td>27.9.2020<\/td><\/tr><tr><td>Hirvonen Matti<\/td><td>1668 km<\/td><td>1037 ml<\/td><td>SS1000<\/td><td>16.7.2021<\/td><\/tr><\/tbody><\/table><\/figure>\n\n\n\n<figure class=\"wp-block-image size-large\"><img loading=\"lazy\" decoding=\"async\" width=\"203\" height=\"203\" src=\"https:\/\/www.vmaxclubfinland.com\/vm\/wp-content\/uploads\/2020\/05\/Empy.gif\" alt=\"\" class=\"wp-image-1774\"\/><\/figure>\n","protected":false},"excerpt":{"rendered":"<p>Kerholaisten ajamat RautaPerseet Kaikki suomessa vmaxilla ajetut rautaperseet kautta aikojen. (Tiedot ker\u00e4tty IBA:n listalta k\u00e4sipelill\u00e4 eli jos huomaat virheit\u00e4 tai tietoja puuttuu, ota yhteytt\u00e4 Webmasteriin) Ajaja ( &amp; matkustaja) KM &hellip; <a href=\"https:\/\/www.vmaxclubfinland.com\/vm\/rautaperat\/\" class=\"more-link\">Jatka lukemista <span class=\"screen-reader-text\">rautaper\u00e4t<\/span> <span class=\"meta-nav\">&rarr;<\/span><\/a><\/p>\n","protected":false},"author":586,"featured_media":0,"parent":0,"menu_order":0,"comment_status":"closed","ping_status":"closed","template":"","meta":{"_EventAllDay":false,"_EventTimezone":"","_EventStartDate":"","_EventEndDate":"","_EventStartDateUTC":"","_EventEndDateUTC":"","_EventShowMap":false,"_EventShowMapLink":false,"_EventURL":"","_EventCost":"","_EventCostDescription":"","_EventCurrencySymbol":"","_EventCurrencyCode":"","_EventCurrencyPosition":"","_EventDateTimeSeparator":"","_EventTimeRangeSeparator":"","_EventOrganizerID":[],"_EventVenueID":[],"_OrganizerEmail":"","_OrganizerPhone":"","_OrganizerWebsite":"","_VenueAddress":"","_VenueCity":"","_VenueCountry":"","_VenueProvince":"","_VenueState":"","_VenueZip":"","_VenuePhone":"","_VenueURL":"","_VenueStateProvince":"","_VenueLat":"","_VenueLng":"","_VenueShowMap":false,"_VenueShowMapLink":false,"footnotes":""},"class_list":["post-1772","page","type-page","status-publish","hentry"],"_links":{"self":[{"href":"https:\/\/www.vmaxclubfinland.com\/vm\/wp-json\/wp\/v2\/pages\/1772","targetHints":{"allow":["GET"]}}],"collection":[{"href":"https:\/\/www.vmaxclubfinland.com\/vm\/wp-json\/wp\/v2\/pages"}],"about":[{"href":"https:\/\/www.vmaxclubfinland.com\/vm\/wp-json\/wp\/v2\/types\/page"}],"author":[{"embeddable":true,"href":"https:\/\/www.vmaxclubfinland.com\/vm\/wp-json\/wp\/v2\/users\/586"}],"replies":[{"embeddable":true,"href":"https:\/\/www.vmaxclubfinland.com\/vm\/wp-json\/wp\/v2\/comments?post=1772"}],"version-history":[{"count":2,"href":"https:\/\/www.vmaxclubfinland.com\/vm\/wp-json\/wp\/v2\/pages\/1772\/revisions"}],"predecessor-version":[{"id":2913,"href":"https:\/\/www.vmaxclubfinland.com\/vm\/wp-json\/wp\/v2\/pages\/1772\/revisions\/2913"}],"wp:attachment":[{"href":"https:\/\/www.vmaxclubfinland.com\/vm\/wp-json\/wp\/v2\/media?parent=1772"}],"curies":[{"name":"wp","href":"https:\/\/api.w.org\/{rel}","templated":true}]}}