{"id":3,"date":"2019-02-11T12:31:05","date_gmt":"2019-02-11T10:31:05","guid":{"rendered":"http:\/\/www.hezzu.com\/vm\/?page_id=3"},"modified":"2022-02-23T16:11:50","modified_gmt":"2022-02-23T14:11:50","slug":"tietosuojaseloste","status":"publish","type":"page","link":"https:\/\/www.vmaxclubfinland.com\/vm\/tietosuojaseloste\/","title":{"rendered":"Tietosuojaseloste"},"content":{"rendered":"\n<p>\n\t \t \t \t \t Tietosuojalausunto\t \t \t \t \t \t \t \t \t \t \t \t \t \t \t \t \t \t \t \t \t \n\n\t \n\n\t \n\n\t \n\n\t \n\n\t \n\n\t \n\n\t \n\n\t \n\n\t \n\n\t \n\n\t \n\n\t \n\n\t \n\n\t \n\n\t \t \t \t \n\n\n\n \n\n<\/p>\n\n\n\n<h2 class=\"wp-block-heading\">Tietosuojalausunto\t\t\t<\/h2>\n\n\n\n<p><strong>TIETOSUOJA- JA REKISTERISELOSTE<\/strong><\/p>\n\n\n\n<p>Henkil\u00f6tietolaki (523\/99) 10 ja 24 \u00a7 <br>Laatimispvm: 17.11.2008<\/p>\n\n\n\n<p><\/p>\n\n\n\n<p><strong>1. Rekisterinpit\u00e4j\u00e4<\/strong><\/p>\n\n\n\n<p>Vmax Club Finland Ry<\/p>\n\n\n\n<p><strong>2. Rekisteriasioista vastaava henkil\u00f6 ja\/tai yhteyshenkil\u00f6<\/strong><br>Toni CollanderTakaharjuntie 10A<br>28580 PoriPuh.&nbsp;044 5800 430<br><strong>3. Rekisterin nimi<\/strong><\/p>\n\n\n\n<p>J\u00e4senrekisteri<\/p>\n\n\n\n<p><strong>4. Henkil\u00f6tietojen k\u00e4sittelyn tarkoitus \/ rekisterin k\u00e4ytt\u00f6tarkoitus<\/strong><\/p>\n\n\n\n<p>J\u00e4sensuhteen yll\u00e4pito ja hoito, j\u00e4senkirjeiden, tiedotteiden yms. l\u00e4hett\u00e4minen. Tietoja k\u00e4ytet\u00e4\u00e4n vain Vmax Club Finland Ry:n viestinn\u00e4ss\u00e4 ja markkinoinnissa. Tietoja ei luovuteta edelleen.<\/p>\n\n\n\n<p><strong>5. Rekisterin tietosis\u00e4lt\u00f6 <\/strong><\/p>\n\n\n\n<p>J\u00e4senen etu- ja sukunimi, postiosoite, s\u00e4hk\u00f6postiosoite, matkapuhelinnumero, syntym\u00e4vuosi, vmaxin vuosimalli, hankintavuosi, v\u00e4ri ja rekisterinumero.<\/p>\n\n\n\n<p><strong>6. S\u00e4\u00e4nn\u00f6nmukaiset tietol\u00e4hteet <\/strong><br>Tietoja saadaan henkil\u00f6n liittyess\u00e4 yhdistyksen j\u00e4senenksi. Tietojen tallentamiseen ja k\u00e4ytt\u00f6\u00f6n saadaan t\u00e4ll\u00f6in suostumus rekister\u00f6idylt\u00e4.<\/p>\n\n\n\n<p><strong>7. S\u00e4\u00e4nn\u00f6nmukaiset tietojen luovutukset ja tietojen siirto EU:n tai Euroopan talousalueen ulkopuolelle<\/strong><\/p>\n\n\n\n<p>Tietoja ei luovuteta.<\/p>\n\n\n\n<p><strong>8. Rekisterin suojauksen periaatteet<\/strong><\/p>\n\n\n\n<p>Rekistereit\u00e4 ei s\u00e4ilytet\u00e4 eik\u00e4 k\u00e4sitell\u00e4 manuaalisessa muodossa. Kaikki s\u00e4hk\u00f6isess\u00e4 muodossa oleva tieto on suojattu manuaalisella lukituksella sek\u00e4 tarvittavalla tavalla k\u00e4ytt\u00f6oikeuksin. Aineistoon on p\u00e4\u00e4sy ainoastaan henkil\u00f6ill\u00e4, joilla on asianmukainen k\u00e4ytt\u00e4j\u00e4tunnus ja salasana. Tietoja ei arkistoida tai tallenneta pidemm\u00e4ksi aikaa kuin se on j\u00e4senyyden vuoksi tarpeellisesta.<\/p>\n\n\n\n<p><strong>9. Tarkastusoikeus ja tarkastusoikeuden toteuttaminen<\/strong><br>Rekisteriin kirjatulla henkil\u00f6ll\u00e4 on oikeus saada tarkastaa itse\u00e4\u00e4n koskevat tiedot. Tarkastusoikeus on maksuton enint\u00e4\u00e4n kerran vuodessa (12KK) toteutettuna. Tarkastuspyynt\u00f6 tulee tehd\u00e4 kirjallisesti omak\u00e4tisesti allekirjoitetulla kirjeell\u00e4 tai henkil\u00f6kohtaisesti rekisterinpit\u00e4j\u00e4n luona. <\/p>\n\n\n\n<p><strong>10. Tiedon korjaaminen ja tiedon korjaamisen toteuttaminen<\/strong><\/p>\n\n\n\n<p>Rekisteriin kirjatulla henkil\u00f6ll\u00e4 on oikeus vaatia itse\u00e4\u00e4n koskevien virheellisten tietojen korjaamista. Korjaamispyynt\u00f6 tulee tehd\u00e4 kirjallisesti tai s\u00e4hk\u00f6postitse riitt\u00e4v\u00e4n yksil\u00f6idysti. <\/p>\n\n\n\n<p>Korjauspyynt\u00f6 voidaan tehd\u00e4 yhdistyksen www sivustolla olevalla muutoslomakkeella tai s\u00e4hk\u00f6postilla osoitteeseen: <a href=\"mailto:jasensihteeri@vmaxclubfinland.com\">jasensihteeri@vmaxclubfinland.com<\/a><\/p>\n\n\n\n<p><strong>11. Muut mahdolliset oikeudet<\/strong>&nbsp;Rekister\u00f6idyll\u00e4 on oikeus kielt\u00e4\u00e4 rekisterinpit\u00e4j\u00e4\u00e4 k\u00e4sittelem\u00e4st\u00e4 h\u00e4nt\u00e4 itse\u00e4\u00e4n koskevia tietoja suoramainontaa, et\u00e4myynti\u00e4 ja muuta suoramarkkinointia sek\u00e4 markkina- ja mielipidetutkimusta samoin kuin henkil\u00f6matrikkelia ja sukututkimusta varten.<\/p>\n\n\n\n<p>Rekister\u00f6idyll\u00e4 on my\u00f6s oikeus vaatia itse\u00e4\u00e4n koskevien tietojen poistamista rekisterist\u00e4.<br>T\u00e4llainen kielto tai tietojen poistopyynt\u00f6 tulee esitt\u00e4\u00e4 rekisterinpit\u00e4j\u00e4lle kirjallisesti kohdassa 10 mainittuja yhteystietoja k\u00e4ytt\u00e4en.<\/p>\n","protected":false},"excerpt":{"rendered":"<p>Tietosuojalausunto Tietosuojalausunto TIETOSUOJA- JA REKISTERISELOSTE Henkil\u00f6tietolaki (523\/99) 10 ja 24 \u00a7 Laatimispvm: 17.11.2008 1. Rekisterinpit\u00e4j\u00e4 Vmax Club Finland Ry 2. Rekisteriasioista vastaava henkil\u00f6 ja\/tai yhteyshenkil\u00f6Toni CollanderTakaharjuntie 10A28580 PoriPuh.&nbsp;044 5800 4303. &hellip; <a href=\"https:\/\/www.vmaxclubfinland.com\/vm\/tietosuojaseloste\/\" class=\"more-link\">Jatka lukemista <span class=\"screen-reader-text\">Tietosuojaseloste<\/span> <span class=\"meta-nav\">&rarr;<\/span><\/a><\/p>\n","protected":false},"author":586,"featured_media":0,"parent":0,"menu_order":0,"comment_status":"closed","ping_status":"closed","template":"page-templates\/full-width.php","meta":{"_EventAllDay":false,"_EventTimezone":"","_EventStartDate":"","_EventEndDate":"","_EventStartDateUTC":"","_EventEndDateUTC":"","_EventShowMap":false,"_EventShowMapLink":false,"_EventURL":"","_EventCost":"","_EventCostDescription":"","_EventCurrencySymbol":"","_EventCurrencyCode":"","_EventCurrencyPosition":"","_EventDateTimeSeparator":"","_EventTimeRangeSeparator":"","_EventOrganizerID":[],"_EventVenueID":[],"_OrganizerEmail":"","_OrganizerPhone":"","_OrganizerWebsite":"","_VenueAddress":"","_VenueCity":"","_VenueCountry":"","_VenueProvince":"","_VenueState":"","_VenueZip":"","_VenuePhone":"","_VenueURL":"","_VenueStateProvince":"","_VenueLat":"","_VenueLng":"","_VenueShowMap":false,"_VenueShowMapLink":false,"footnotes":""},"class_list":["post-3","page","type-page","status-publish","hentry"],"_links":{"self":[{"href":"https:\/\/www.vmaxclubfinland.com\/vm\/wp-json\/wp\/v2\/pages\/3","targetHints":{"allow":["GET"]}}],"collection":[{"href":"https:\/\/www.vmaxclubfinland.com\/vm\/wp-json\/wp\/v2\/pages"}],"about":[{"href":"https:\/\/www.vmaxclubfinland.com\/vm\/wp-json\/wp\/v2\/types\/page"}],"author":[{"embeddable":true,"href":"https:\/\/www.vmaxclubfinland.com\/vm\/wp-json\/wp\/v2\/users\/586"}],"replies":[{"embeddable":true,"href":"https:\/\/www.vmaxclubfinland.com\/vm\/wp-json\/wp\/v2\/comments?post=3"}],"version-history":[{"count":2,"href":"https:\/\/www.vmaxclubfinland.com\/vm\/wp-json\/wp\/v2\/pages\/3\/revisions"}],"predecessor-version":[{"id":504,"href":"https:\/\/www.vmaxclubfinland.com\/vm\/wp-json\/wp\/v2\/pages\/3\/revisions\/504"}],"wp:attachment":[{"href":"https:\/\/www.vmaxclubfinland.com\/vm\/wp-json\/wp\/v2\/media?parent=3"}],"curies":[{"name":"wp","href":"https:\/\/api.w.org\/{rel}","templated":true}]}}