{"id":3853,"date":"2023-05-11T08:22:07","date_gmt":"2023-05-11T05:22:07","guid":{"rendered":"https:\/\/www.vmaxclubfinland.com\/vm\/?page_id=3853"},"modified":"2025-08-27T11:08:30","modified_gmt":"2025-08-27T08:08:30","slug":"kulkuriajot-2023","status":"publish","type":"page","link":"https:\/\/www.vmaxclubfinland.com\/vm\/kulkuriajot\/kulkuriajot-2023\/","title":{"rendered":"Kulkuriajot 2025"},"content":{"rendered":"\n<p>Ajot suoritettu t\u00e4lt\u00e4 kaudelta?<\/p>\n\n\n\n<p><\/p>\n\n\n\n<p><s>Aika: 3.5  klo12.00<br>Paikka: Ikaalinen Spa,<\/s><br><s>huvilatie 2 ikaalinen<br>Valvoja:teija 0445463702<\/s><\/p>\n\n\n\n<p><s>Aika: 17.5 klo 11.00 <br>Paikka: Hymyilev\u00e4n motoristin kev\u00e4tp\u00e4iv\u00e4, <\/s><br><s>hirvikoskentie 300 orip\u00e4\u00e4<br>Valvoja: juha 0407168329<\/s><\/p>\n\n\n\n<p><s>Aika: 24.5 klo 14.30 Vaasa \/ l\u00e4nnen \u00e4\u00e4ripiste<br>Paikka: Ramin konditoria, <\/s><br><s>metsurinraitti 1 mikkeli<br>Valvoja: tomppa 0405790088<\/s><\/p>\n\n\n\n<p><s>Aika: 7.6 klo 14 \/l\u00e4nnen \u00e4\u00e4rip\u00e4\u00e4 <br>Paikka: Yyteri meeting<br>Yyterisantojentie 1 Pori<br>Valvoja: teija 0445463702<\/s><\/p>\n\n\n\n<p><s>Aika: 12.6 klo 18.00 \/ etel\u00e4n \u00e4\u00e4ripiste<br>Paikka: Helsinkip\u00e4iv\u00e4\/Caf\u00e9 Compass<br>Ehrenstr\u00f6mintie 1, Helsinki<br>Valvoja:Arimax#167 0503376472<br>Helsinkip\u00e4iv\u00e4n ajo, kokoontuminen 17-17.30<br>Bemb\u00f6len kahvituvalla (Bellinm\u00e4ki 1, Espoo)<br>josta l\u00e4hdet\u00e4\u00e4n ajamaan Kaivariin Mutterille.<br>Jos et kerke\u00e4 voit tulla my\u00f6s suoraan Mutterille.<br>Klubin vanhin tapahtuma!<\/s><\/p>\n\n\n\n<p><s>Aika: 26.6 klo 18.00<br>Paikka: Verstas<br>pyssykankaatie 170 nakkila<br>Valvoja: jari 0405835165<\/s><\/p>\n\n\n\n<p><s>Aika: 29.6 la klo 14.00 \/ Id\u00e4n \u00e4\u00e4ripiste<br>Paikka: Ronttopuisto, <br>luostarintie 78 hein\u00e4vesi<br>Valvoja: taisto 0445554714<\/s><\/p>\n\n\n\n<p><s>Aika: 12.7 ti klo 13.00<br>Paikka: Leatherhaven, <br>perki\u00f6ntie 11 forssa<br>Valvoja: juha 0407168329<\/s><\/p>\n\n\n\n<p><s>Aika: 19.7 Ke klo 13<br>Paikka: M\u00e4ll\u00e4isten kyl\u00e4kauppa, <br>m\u00e4ll\u00e4istentie 407 loimaa<br>Valvoja:juha 0407168329<\/s><br><\/p>\n\n\n\n<p><s>Aika: 26.7 la klo ?.00 <br>Paikka: Nvm, ikaalinen spa <br>huvilatie 2<br>Valvoja: ?<\/s><\/p>\n\n\n\n<p><s>Aika: 30.7 ke klo 18.00 <br>Paikka: Alvettulan kyl\u00e4kauppa <br>Alvettulantie 168 Alvettula<br>Valvoja: Aarre  0503745179<\/s><\/p>\n\n\n\n<p><s>Aika: 2.8 la klo 16.00 \/Pohjosen \u00e4\u00e4rip\u00e4\u00e4<br>Paikka: Pit\u00e4j\u00e4n-pirtti <br>Rukankyl\u00e4ntie 14 Kuusamo<br>Valvoja: Heikki 0405896260<\/s><\/p>\n\n\n\n<p><s>Aika: 9.8 la klo 11.00 <br>Paikka: Mokkapirtti<br>P\u00e4ssinm\u00e4entie 2 Valkeakoski<br>Valvoja: Heikki 0405896260<\/s><\/p>\n\n\n\n<p><s>Aika: 9.8 la klo 13.30<br>Paikka: Vanha Hanski<br>Hulkkionlahdentie 495 J\u00e4ms\u00e4<br>Valvoja: Heikki 0405896260<\/s><\/p>\n\n\n\n<p><s>Aika: 9.8 la klo 17<br>Paikka: Orilammenmaja<br>Voikoskentie 138 Hillosensalmi<br>Valvoja:Heikki 0405896260<\/s><\/p>\n\n\n\n<p><s>Aika: 16.8 la klo 13.00 <br>Paikka: Middle on nowhere<br>Koskenmaantie 186, Hyvink\u00e4\u00e4<br>Valvoja: Ari 050 5060021<\/s><\/p>\n\n\n\n<p><s>Aika: 23.8 la klo 13.00<br>Paikka: 2\/3 bileet<br>Kasvihuoneilmi\u00f6<br>Palom\u00e4entie 2, Nummi<br>Valvoja: Toni 0445800430<\/s><\/p>\n","protected":false},"excerpt":{"rendered":"<p>Ajot suoritettu t\u00e4lt\u00e4 kaudelta? Aika: 3.5 klo12.00Paikka: Ikaalinen Spa,huvilatie 2 ikaalinenValvoja:teija 0445463702 Aika: 17.5 klo 11.00 Paikka: Hymyilev\u00e4n motoristin kev\u00e4tp\u00e4iv\u00e4, hirvikoskentie 300 orip\u00e4\u00e4Valvoja: juha 0407168329 Aika: 24.5 klo 14.30 Vaasa &hellip; <a href=\"https:\/\/www.vmaxclubfinland.com\/vm\/kulkuriajot\/kulkuriajot-2023\/\" class=\"more-link\">Jatka lukemista <span class=\"screen-reader-text\">Kulkuriajot 2025<\/span> <span class=\"meta-nav\">&rarr;<\/span><\/a><\/p>\n","protected":false},"author":586,"featured_media":0,"parent":534,"menu_order":0,"comment_status":"closed","ping_status":"closed","template":"","meta":{"_EventAllDay":false,"_EventTimezone":"","_EventStartDate":"","_EventEndDate":"","_EventStartDateUTC":"","_EventEndDateUTC":"","_EventShowMap":false,"_EventShowMapLink":false,"_EventURL":"","_EventCost":"","_EventCostDescription":"","_EventCurrencySymbol":"","_EventCurrencyCode":"","_EventCurrencyPosition":"","_EventDateTimeSeparator":"","_EventTimeRangeSeparator":"","_EventOrganizerID":[],"_EventVenueID":[],"_OrganizerEmail":"","_OrganizerPhone":"","_OrganizerWebsite":"","_VenueAddress":"","_VenueCity":"","_VenueCountry":"","_VenueProvince":"","_VenueState":"","_VenueZip":"","_VenuePhone":"","_VenueURL":"","_VenueStateProvince":"","_VenueLat":"","_VenueLng":"","_VenueShowMap":false,"_VenueShowMapLink":false,"footnotes":""},"class_list":["post-3853","page","type-page","status-publish","hentry"],"_links":{"self":[{"href":"https:\/\/www.vmaxclubfinland.com\/vm\/wp-json\/wp\/v2\/pages\/3853","targetHints":{"allow":["GET"]}}],"collection":[{"href":"https:\/\/www.vmaxclubfinland.com\/vm\/wp-json\/wp\/v2\/pages"}],"about":[{"href":"https:\/\/www.vmaxclubfinland.com\/vm\/wp-json\/wp\/v2\/types\/page"}],"author":[{"embeddable":true,"href":"https:\/\/www.vmaxclubfinland.com\/vm\/wp-json\/wp\/v2\/users\/586"}],"replies":[{"embeddable":true,"href":"https:\/\/www.vmaxclubfinland.com\/vm\/wp-json\/wp\/v2\/comments?post=3853"}],"version-history":[{"count":18,"href":"https:\/\/www.vmaxclubfinland.com\/vm\/wp-json\/wp\/v2\/pages\/3853\/revisions"}],"predecessor-version":[{"id":7206,"href":"https:\/\/www.vmaxclubfinland.com\/vm\/wp-json\/wp\/v2\/pages\/3853\/revisions\/7206"}],"up":[{"embeddable":true,"href":"https:\/\/www.vmaxclubfinland.com\/vm\/wp-json\/wp\/v2\/pages\/534"}],"wp:attachment":[{"href":"https:\/\/www.vmaxclubfinland.com\/vm\/wp-json\/wp\/v2\/media?parent=3853"}],"curies":[{"name":"wp","href":"https:\/\/api.w.org\/{rel}","templated":true}]}}