{"id":47,"date":"2019-04-08T10:47:53","date_gmt":"2019-04-08T07:47:53","guid":{"rendered":"http:\/\/www.hezzu.com\/vm\/?page_id=47"},"modified":"2024-07-27T09:52:03","modified_gmt":"2024-07-27T06:52:03","slug":"vmax-club-finland-ry","status":"publish","type":"page","link":"https:\/\/www.vmaxclubfinland.com\/vm\/vmax-club-finland-ry\/","title":{"rendered":"Vmax Club Finland Ry"},"content":{"rendered":"\n<h1 class=\"wp-block-heading\">Vmax Club yleisesti<\/h1>\n\n\n\n<h3 class=\"wp-block-heading\">Vmax Club Finland on vuonna 1997 perustettu valtakunnallinen moottoripy\u00f6r\u00e4kerho.<\/h3>\n\n\n\n<p>Yhdistyksen virallinen nimi on Vmax Club Finland Ry.<\/p>\n\n\n\n<p>Tavoitteenamme on, ett\u00e4 kaikki Suomen Yamaha Vmax moottoripy\u00f6rien omistajat tai sellaiseksi aikovat tulisivat tietoisiksi kerhosta.<br>Yhdistyksen tarkoitus on tuottaa j\u00e4senilleen harrastukseen liittyvi\u00e4 tapahtumia ja palveluja, sek\u00e4 toimia Vmax motoristeja yhdist\u00e4v\u00e4n\u00e4 organisaationa.&nbsp;<br>Vmax Club Finland Ry tekee merkitt\u00e4v\u00e4\u00e4 yhteisty\u00f6t\u00e4 ulkomaisten Vmax kerhojen kanssa, t\u00e4st\u00e4 merkitt\u00e4vimp\u00e4n\u00e4 vuosittain j\u00e4rjestett\u00e4v\u00e4 yhteispohjoismainen Nordic Vmax Meet tapahtuma.<\/p>\n\n\n\n<p>Pyrimme esittelem\u00e4\u00e4n Vmaxia ja moottoripy\u00f6r\u00e4harrastusta yleisesti my\u00f6nteisesti, sek\u00e4 toimimme j\u00e4senillemme tietoa jakavana ja auttavana foorumina.<\/p>\n\n\n\n<p>Kerhon j\u00e4senkortilla saa etuisuuksia ja alennuksia erikseen WWW sivuilla mainituista alan liikkeist\u00e4. Yhdistys on&nbsp;<strong><a href=\"http:\/\/www.smoto.fi\/\" target=\"_blank\" rel=\"noreferrer noopener\">SMOTO<\/a><\/strong>:n j\u00e4senkerho ja j\u00e4senyys oikeuttaa kaikkiin&nbsp;<strong>SMOTO<\/strong>:n kautta tai avulla saataviin alennuksiin ja etuisuuksiin.<\/p>\n\n\n\n<p><strong>Vmax Clubin toiminnan tarkoitus on:<\/strong><\/p>\n\n\n\n<p>1. Tutustuttaa Vmax py\u00f6rien omistajat toisiinsa.<br>2. Hankkia ja jakaa Vmax -aiheista tietoutta maailmalta.<br>3. Lis\u00e4t\u00e4 tapaamisilla tietoja py\u00f6rien huollosta ja korjauksista.<br>4. J\u00e4rjest\u00e4\u00e4 kokoontumisia ja muita yhteisi\u00e4 tilaisuuksia j\u00e4senilleen.<br>5. Avustaa ja informoida tarvittessa uutta tai vanhaa py\u00f6r\u00e4\u00e4 hankittaessa.<br>6. Yll\u00e4pit\u00e4\u00e4 www-sivuja joiden avulla j\u00e4senist\u00f6 voi pit\u00e4\u00e4 yhteytt\u00e4 ja jakaa tietoa ja osaamista.<\/p>\n\n\n\n<p><strong>Joitakin vuodelle 2020 toimintasuunnitelmaan kirjattuja tapahtumia:<\/strong><\/p>\n\n\n\n<p>&#8211; Osallistua Keski-Suomen MP-n\u00e4yttelyyn (Jyv\u00e4skyl\u00e4) omalla osastolla.<br>&#8211; Osallistua j\u00e4\u00e4kiihdytystapahtumaan Lule\u00e5ssa ja Punkaharjulla.<br>&#8211; J\u00e4rjest\u00e4\u00e4 Toukoajo tapahtuma Toukokuussa Punkaharjulla.<br>&#8211; J\u00e4rjest\u00e4\u00e4 ajokaudella mahdollisuuksien mukaan ajoharjoittelukoulutusta.<br>&#8211; J\u00e4rjest\u00e4\u00e4 kerhon sis\u00e4isen\u00e4 kilpailuna Kurkuriajo 2020 tapahtuma.<br>&#8211; Vierailla ja tutustua muihin moottoripy\u00f6r\u00e4kerhoihin.<br>&#8211; Ajokauden jokaviikkoiset tapaamiset. Paikat ja ajat l\u00f6ytyv\u00e4t WWW sivustolta.<br>&#8211; Osallistua Nordic Vmax Meet tapahtumaan hein\u00e4kuun lopussa Ruotsissa .<br>&#8211; Kehitt\u00e4\u00e4 Vmax Club Finlandin suhteita muihin vastaaviin kerhoihin maailmalla.<br>&#8211; Hyv\u00e4ntekev\u00e4isyystempausten j\u00e4rjest\u00e4minen.<\/p>\n\n\n\n<p><a href=\"https:\/\/www.vmaxclubfinland.com\/vm\/vmax-club-finland-ry\/yhdistyksen-saannot\/\">Yhdistyksen s\u00e4\u00e4nn\u00f6t<\/a><\/p>\n","protected":false},"excerpt":{"rendered":"<p>Vmax Club yleisesti Vmax Club Finland on vuonna 1997 perustettu valtakunnallinen moottoripy\u00f6r\u00e4kerho. Yhdistyksen virallinen nimi on Vmax Club Finland Ry. Tavoitteenamme on, ett\u00e4 kaikki Suomen Yamaha Vmax moottoripy\u00f6rien omistajat tai &hellip; <a href=\"https:\/\/www.vmaxclubfinland.com\/vm\/vmax-club-finland-ry\/\" class=\"more-link\">Jatka lukemista <span class=\"screen-reader-text\">Vmax Club Finland Ry<\/span> <span class=\"meta-nav\">&rarr;<\/span><\/a><\/p>\n","protected":false},"author":586,"featured_media":0,"parent":0,"menu_order":0,"comment_status":"closed","ping_status":"closed","template":"page-templates\/full-width.php","meta":{"_EventAllDay":false,"_EventTimezone":"","_EventStartDate":"","_EventEndDate":"","_EventStartDateUTC":"","_EventEndDateUTC":"","_EventShowMap":false,"_EventShowMapLink":false,"_EventURL":"","_EventCost":"","_EventCostDescription":"","_EventCurrencySymbol":"","_EventCurrencyCode":"","_EventCurrencyPosition":"","_EventDateTimeSeparator":"","_EventTimeRangeSeparator":"","_EventOrganizerID":[],"_EventVenueID":[],"_OrganizerEmail":"","_OrganizerPhone":"","_OrganizerWebsite":"","_VenueAddress":"","_VenueCity":"","_VenueCountry":"","_VenueProvince":"","_VenueState":"","_VenueZip":"","_VenuePhone":"","_VenueURL":"","_VenueStateProvince":"","_VenueLat":"","_VenueLng":"","_VenueShowMap":false,"_VenueShowMapLink":false,"footnotes":""},"class_list":["post-47","page","type-page","status-publish","hentry"],"_links":{"self":[{"href":"https:\/\/www.vmaxclubfinland.com\/vm\/wp-json\/wp\/v2\/pages\/47","targetHints":{"allow":["GET"]}}],"collection":[{"href":"https:\/\/www.vmaxclubfinland.com\/vm\/wp-json\/wp\/v2\/pages"}],"about":[{"href":"https:\/\/www.vmaxclubfinland.com\/vm\/wp-json\/wp\/v2\/types\/page"}],"author":[{"embeddable":true,"href":"https:\/\/www.vmaxclubfinland.com\/vm\/wp-json\/wp\/v2\/users\/586"}],"replies":[{"embeddable":true,"href":"https:\/\/www.vmaxclubfinland.com\/vm\/wp-json\/wp\/v2\/comments?post=47"}],"version-history":[{"count":8,"href":"https:\/\/www.vmaxclubfinland.com\/vm\/wp-json\/wp\/v2\/pages\/47\/revisions"}],"predecessor-version":[{"id":1573,"href":"https:\/\/www.vmaxclubfinland.com\/vm\/wp-json\/wp\/v2\/pages\/47\/revisions\/1573"}],"wp:attachment":[{"href":"https:\/\/www.vmaxclubfinland.com\/vm\/wp-json\/wp\/v2\/media?parent=47"}],"curies":[{"name":"wp","href":"https:\/\/api.w.org\/{rel}","templated":true}]}}