{"id":1833,"date":"2020-06-03T11:55:48","date_gmt":"2020-06-03T08:55:48","guid":{"rendered":"https:\/\/www.vmaxclubfinland.com\/vm\/?post_type=product&#038;p=1833"},"modified":"2022-04-17T16:36:31","modified_gmt":"2022-04-17T13:36:31","slug":"vmax-korvakorut-roikkuvat","status":"publish","type":"product","link":"https:\/\/www.vmaxclubfinland.com\/vm\/tuote\/vmax-korvakorut-roikkuvat\/","title":{"rendered":"Vmax korvakorut (roikkuvat)"},"content":{"rendered":"<figure id=\"attachment_1840\" aria-describedby=\"caption-attachment-1840\" style=\"width: 209px\" class=\"wp-caption alignnone\"><img loading=\"lazy\" decoding=\"async\" class=\"size-medium wp-image-1840\" src=\"https:\/\/www.vmaxclubfinland.com\/vm\/wp-content\/uploads\/2020\/06\/IMG_20200603_120301-209x300.jpg\" alt=\"\" width=\"209\" height=\"300\" srcset=\"https:\/\/www.vmaxclubfinland.com\/vm\/wp-content\/uploads\/2020\/06\/IMG_20200603_120301-209x300.jpg 209w, https:\/\/www.vmaxclubfinland.com\/vm\/wp-content\/uploads\/2020\/06\/IMG_20200603_120301-712x1024.jpg 712w, https:\/\/www.vmaxclubfinland.com\/vm\/wp-content\/uploads\/2020\/06\/IMG_20200603_120301-768x1105.jpg 768w, https:\/\/www.vmaxclubfinland.com\/vm\/wp-content\/uploads\/2020\/06\/IMG_20200603_120301-1068x1536.jpg 1068w, https:\/\/www.vmaxclubfinland.com\/vm\/wp-content\/uploads\/2020\/06\/IMG_20200603_120301-1424x2048.jpg 1424w, https:\/\/www.vmaxclubfinland.com\/vm\/wp-content\/uploads\/2020\/06\/IMG_20200603_120301-300x432.jpg 300w, https:\/\/www.vmaxclubfinland.com\/vm\/wp-content\/uploads\/2020\/06\/IMG_20200603_120301-scaled.jpg 1779w\" sizes=\"auto, (max-width: 209px) 100vw, 209px\" \/><figcaption id=\"caption-attachment-1840\" class=\"wp-caption-text\"><span style=\"color: #2b2b2b;font-size: 16px\">Roikkuvat korvakorut kevyet\u00a0 ja kaiken kest\u00e4v\u00e4t akryyli&amp;ter\u00e4s combolla, ei allergisoi.<\/span><\/figcaption><\/figure>\n<p>&nbsp;<\/p>\n<p>&nbsp;<\/p>\n<p>&nbsp;<\/p>\n","protected":false},"excerpt":{"rendered":"<p>&nbsp; &nbsp; &nbsp;<\/p>\n","protected":false},"featured_media":1839,"template":"","meta":{"_EventAllDay":false,"_EventTimezone":"","_EventStartDate":"","_EventEndDate":"","_EventStartDateUTC":"","_EventEndDateUTC":"","_EventShowMap":false,"_EventShowMapLink":false,"_EventURL":"","_EventCost":"","_EventCostDescription":"","_EventCurrencySymbol":"","_EventCurrencyCode":"","_EventCurrencyPosition":"","_EventDateTimeSeparator":"","_EventTimeRangeSeparator":"","_EventOrganizerID":[],"_EventVenueID":[],"_OrganizerEmail":"","_OrganizerPhone":"","_OrganizerWebsite":"","_VenueAddress":"","_VenueCity":"","_VenueCountry":"","_VenueProvince":"","_VenueState":"","_VenueZip":"","_VenuePhone":"","_VenueURL":"","_VenueStateProvince":"","_VenueLat":"","_VenueLng":"","_VenueShowMap":false,"_VenueShowMapLink":false},"product_brand":[],"product_cat":[37],"product_tag":[],"class_list":{"0":"post-1833","1":"product","2":"type-product","3":"status-publish","4":"has-post-thumbnail","6":"product_cat-muut-tuotteet","9":"first","10":"instock","11":"shipping-taxable","12":"purchasable","13":"product-type-simple"},"_links":{"self":[{"href":"https:\/\/www.vmaxclubfinland.com\/vm\/wp-json\/wp\/v2\/product\/1833","targetHints":{"allow":["GET"]}}],"collection":[{"href":"https:\/\/www.vmaxclubfinland.com\/vm\/wp-json\/wp\/v2\/product"}],"about":[{"href":"https:\/\/www.vmaxclubfinland.com\/vm\/wp-json\/wp\/v2\/types\/product"}],"wp:featuredmedia":[{"embeddable":true,"href":"https:\/\/www.vmaxclubfinland.com\/vm\/wp-json\/wp\/v2\/media\/1839"}],"wp:attachment":[{"href":"https:\/\/www.vmaxclubfinland.com\/vm\/wp-json\/wp\/v2\/media?parent=1833"}],"wp:term":[{"taxonomy":"product_brand","embeddable":true,"href":"https:\/\/www.vmaxclubfinland.com\/vm\/wp-json\/wp\/v2\/product_brand?post=1833"},{"taxonomy":"product_cat","embeddable":true,"href":"https:\/\/www.vmaxclubfinland.com\/vm\/wp-json\/wp\/v2\/product_cat?post=1833"},{"taxonomy":"product_tag","embeddable":true,"href":"https:\/\/www.vmaxclubfinland.com\/vm\/wp-json\/wp\/v2\/product_tag?post=1833"}],"curies":[{"name":"wp","href":"https:\/\/api.w.org\/{rel}","templated":true}]}}