{"id":1836,"date":"2020-06-03T12:02:06","date_gmt":"2020-06-03T09:02:06","guid":{"rendered":"https:\/\/www.vmaxclubfinland.com\/vm\/?post_type=product&#038;p=1836"},"modified":"2024-05-22T13:26:46","modified_gmt":"2024-05-22T10:26:46","slug":"vmax-korvakorut-napit","status":"publish","type":"product","link":"https:\/\/www.vmaxclubfinland.com\/vm\/tuote\/vmax-korvakorut-napit\/","title":{"rendered":"Vmax korvakorut (napit)"},"content":{"rendered":"<p><img loading=\"lazy\" decoding=\"async\" class=\"size-medium wp-image-1842\" src=\"https:\/\/www.vmaxclubfinland.com\/vm\/wp-content\/uploads\/2020\/06\/IMG_20200603_120326-251x300.jpg\" alt=\"\" width=\"251\" height=\"300\" srcset=\"https:\/\/www.vmaxclubfinland.com\/vm\/wp-content\/uploads\/2020\/06\/IMG_20200603_120326-251x300.jpg 251w, https:\/\/www.vmaxclubfinland.com\/vm\/wp-content\/uploads\/2020\/06\/IMG_20200603_120326-858x1024.jpg 858w, https:\/\/www.vmaxclubfinland.com\/vm\/wp-content\/uploads\/2020\/06\/IMG_20200603_120326-768x917.jpg 768w, https:\/\/www.vmaxclubfinland.com\/vm\/wp-content\/uploads\/2020\/06\/IMG_20200603_120326-1287x1536.jpg 1287w, https:\/\/www.vmaxclubfinland.com\/vm\/wp-content\/uploads\/2020\/06\/IMG_20200603_120326-1716x2048.jpg 1716w, https:\/\/www.vmaxclubfinland.com\/vm\/wp-content\/uploads\/2020\/06\/IMG_20200603_120326-300x358.jpg 300w\" sizes=\"auto, (max-width: 251px) 100vw, 251px\" \/><\/p>\n<p>Korvakorut kevyet ja kaiken kest\u00e4v\u00e4t akryyli&amp;ter\u00e4s combolla, ei allergisoi.<\/p>\n","protected":false},"excerpt":{"rendered":"<p>Korvakorut kevyet ja kaiken kest\u00e4v\u00e4t akryyli&amp;ter\u00e4s combolla, ei allergisoi.<\/p>\n","protected":false},"featured_media":1838,"template":"","meta":{"_EventAllDay":false,"_EventTimezone":"","_EventStartDate":"","_EventEndDate":"","_EventStartDateUTC":"","_EventEndDateUTC":"","_EventShowMap":false,"_EventShowMapLink":false,"_EventURL":"","_EventCost":"","_EventCostDescription":"","_EventCurrencySymbol":"","_EventCurrencyCode":"","_EventCurrencyPosition":"","_EventDateTimeSeparator":"","_EventTimeRangeSeparator":"","_EventOrganizerID":[],"_EventVenueID":[],"_OrganizerEmail":"","_OrganizerPhone":"","_OrganizerWebsite":"","_VenueAddress":"","_VenueCity":"","_VenueCountry":"","_VenueProvince":"","_VenueState":"","_VenueZip":"","_VenuePhone":"","_VenueURL":"","_VenueStateProvince":"","_VenueLat":"","_VenueLng":"","_VenueShowMap":false,"_VenueShowMapLink":false},"product_brand":[],"product_cat":[37],"product_tag":[],"class_list":{"0":"post-1836","1":"product","2":"type-product","3":"status-publish","4":"has-post-thumbnail","6":"product_cat-muut-tuotteet","9":"first","10":"instock","11":"shipping-taxable","12":"purchasable","13":"product-type-simple"},"_links":{"self":[{"href":"https:\/\/www.vmaxclubfinland.com\/vm\/wp-json\/wp\/v2\/product\/1836","targetHints":{"allow":["GET"]}}],"collection":[{"href":"https:\/\/www.vmaxclubfinland.com\/vm\/wp-json\/wp\/v2\/product"}],"about":[{"href":"https:\/\/www.vmaxclubfinland.com\/vm\/wp-json\/wp\/v2\/types\/product"}],"wp:featuredmedia":[{"embeddable":true,"href":"https:\/\/www.vmaxclubfinland.com\/vm\/wp-json\/wp\/v2\/media\/1838"}],"wp:attachment":[{"href":"https:\/\/www.vmaxclubfinland.com\/vm\/wp-json\/wp\/v2\/media?parent=1836"}],"wp:term":[{"taxonomy":"product_brand","embeddable":true,"href":"https:\/\/www.vmaxclubfinland.com\/vm\/wp-json\/wp\/v2\/product_brand?post=1836"},{"taxonomy":"product_cat","embeddable":true,"href":"https:\/\/www.vmaxclubfinland.com\/vm\/wp-json\/wp\/v2\/product_cat?post=1836"},{"taxonomy":"product_tag","embeddable":true,"href":"https:\/\/www.vmaxclubfinland.com\/vm\/wp-json\/wp\/v2\/product_tag?post=1836"}],"curies":[{"name":"wp","href":"https:\/\/api.w.org\/{rel}","templated":true}]}}