{"id":2150,"date":"2021-01-09T14:12:54","date_gmt":"2021-01-09T12:12:54","guid":{"rendered":"https:\/\/www.vmaxclubfinland.com\/vm\/?post_type=product&#038;p=2150"},"modified":"2021-02-22T08:37:34","modified_gmt":"2021-02-22T06:37:34","slug":"vmax-hengityssuojain-cv22","status":"publish","type":"product","link":"https:\/\/www.vmaxclubfinland.com\/vm\/tuote\/vmax-hengityssuojain-cv22\/","title":{"rendered":"Vmax hengityssuojain (CV22)"},"content":{"rendered":"<p>&nbsp;<\/p>\n<p><img loading=\"lazy\" decoding=\"async\" class=\"alignnone size-medium wp-image-2151\" src=\"https:\/\/www.vmaxclubfinland.com\/vm\/wp-content\/uploads\/2021\/01\/IMG_20210107_200501-300x225.jpg\" alt=\"\" width=\"300\" height=\"225\" srcset=\"https:\/\/www.vmaxclubfinland.com\/vm\/wp-content\/uploads\/2021\/01\/IMG_20210107_200501-300x225.jpg 300w, https:\/\/www.vmaxclubfinland.com\/vm\/wp-content\/uploads\/2021\/01\/IMG_20210107_200501-1024x768.jpg 1024w, https:\/\/www.vmaxclubfinland.com\/vm\/wp-content\/uploads\/2021\/01\/IMG_20210107_200501-768x576.jpg 768w, https:\/\/www.vmaxclubfinland.com\/vm\/wp-content\/uploads\/2021\/01\/IMG_20210107_200501-1536x1152.jpg 1536w, https:\/\/www.vmaxclubfinland.com\/vm\/wp-content\/uploads\/2021\/01\/IMG_20210107_200501-2048x1536.jpg 2048w\" sizes=\"auto, (max-width: 300px) 100vw, 300px\" \/><\/p>\n<p>Hengityssuojain CV22 . Puuvillainen ja uudelleenk\u00e4ytett\u00e4v\u00e4, kaksikerros kasvosuoja, jossa on antimikrobi-k\u00e4sittely. Pieneen tilaan taitettava ja hygieenisesti yksitt\u00e4ispakattu maski ja se voidaan pest\u00e4 60 C\u00b0. K\u00e4sittely tappaa 99,9% mikroobeista. Joustavat korvaremmit takaavat k\u00e4ytt\u00f6mukavuuden. Kest\u00e4\u00e4 jopa 30 pesukertaa.<\/p>\n<p>Materiaali 100% puuvilla.<\/p>\n","protected":false},"excerpt":{"rendered":"<p>&nbsp;<\/p>\n<p>&nbsp;<\/p>\n","protected":false},"featured_media":2152,"template":"","meta":{"_EventAllDay":false,"_EventTimezone":"","_EventStartDate":"","_EventEndDate":"","_EventStartDateUTC":"","_EventEndDateUTC":"","_EventShowMap":false,"_EventShowMapLink":false,"_EventURL":"","_EventCost":"","_EventCostDescription":"","_EventCurrencySymbol":"","_EventCurrencyCode":"","_EventCurrencyPosition":"","_EventDateTimeSeparator":"","_EventTimeRangeSeparator":"","_EventOrganizerID":[],"_EventVenueID":[],"_OrganizerEmail":"","_OrganizerPhone":"","_OrganizerWebsite":"","_VenueAddress":"","_VenueCity":"","_VenueCountry":"","_VenueProvince":"","_VenueState":"","_VenueZip":"","_VenuePhone":"","_VenueURL":"","_VenueStateProvince":"","_VenueLat":"","_VenueLng":"","_VenueShowMap":false,"_VenueShowMapLink":false},"product_brand":[],"product_cat":[37],"product_tag":[],"class_list":{"0":"post-2150","1":"product","2":"type-product","3":"status-publish","4":"has-post-thumbnail","6":"product_cat-muut-tuotteet","9":"first","10":"instock","11":"shipping-taxable","12":"purchasable","13":"product-type-simple"},"_links":{"self":[{"href":"https:\/\/www.vmaxclubfinland.com\/vm\/wp-json\/wp\/v2\/product\/2150","targetHints":{"allow":["GET"]}}],"collection":[{"href":"https:\/\/www.vmaxclubfinland.com\/vm\/wp-json\/wp\/v2\/product"}],"about":[{"href":"https:\/\/www.vmaxclubfinland.com\/vm\/wp-json\/wp\/v2\/types\/product"}],"wp:featuredmedia":[{"embeddable":true,"href":"https:\/\/www.vmaxclubfinland.com\/vm\/wp-json\/wp\/v2\/media\/2152"}],"wp:attachment":[{"href":"https:\/\/www.vmaxclubfinland.com\/vm\/wp-json\/wp\/v2\/media?parent=2150"}],"wp:term":[{"taxonomy":"product_brand","embeddable":true,"href":"https:\/\/www.vmaxclubfinland.com\/vm\/wp-json\/wp\/v2\/product_brand?post=2150"},{"taxonomy":"product_cat","embeddable":true,"href":"https:\/\/www.vmaxclubfinland.com\/vm\/wp-json\/wp\/v2\/product_cat?post=2150"},{"taxonomy":"product_tag","embeddable":true,"href":"https:\/\/www.vmaxclubfinland.com\/vm\/wp-json\/wp\/v2\/product_tag?post=2150"}],"curies":[{"name":"wp","href":"https:\/\/api.w.org\/{rel}","templated":true}]}}