{"id":421,"date":"2019-12-28T16:20:52","date_gmt":"2019-12-28T14:20:52","guid":{"rendered":"https:\/\/www.vmaxclubfinland.com\/vm\/?post_type=product&#038;p=421"},"modified":"2025-09-08T09:45:31","modified_gmt":"2025-09-08T06:45:31","slug":"vmax-putkihuivi","status":"publish","type":"product","link":"https:\/\/www.vmaxclubfinland.com\/vm\/tuote\/vmax-putkihuivi\/","title":{"rendered":"Vmax putkihuivi"},"content":{"rendered":"<p><strong>Nyt lis\u00e4\u00e4 katuuskottavuutta!<\/strong><br \/>\nNyt saatavilla hieno Vmax putkihuivi kes\u00e4n ja talven rientoihin!<\/p>\n","protected":false},"excerpt":{"rendered":"<p>Nyt lis\u00e4\u00e4 katuuskottavuutta! Nyt saatavilla hieno Vmax putkihuivi kes\u00e4n ja talven rientoihin!<\/p>\n","protected":false},"featured_media":346,"template":"","meta":{"_EventAllDay":false,"_EventTimezone":"","_EventStartDate":"","_EventEndDate":"","_EventStartDateUTC":"","_EventEndDateUTC":"","_EventShowMap":false,"_EventShowMapLink":false,"_EventURL":"","_EventCost":"","_EventCostDescription":"","_EventCurrencySymbol":"","_EventCurrencyCode":"","_EventCurrencyPosition":"","_EventDateTimeSeparator":"","_EventTimeRangeSeparator":"","_EventOrganizerID":[],"_EventVenueID":[],"_OrganizerEmail":"","_OrganizerPhone":"","_OrganizerWebsite":"","_VenueAddress":"","_VenueCity":"","_VenueCountry":"","_VenueProvince":"","_VenueState":"","_VenueZip":"","_VenuePhone":"","_VenueURL":"","_VenueStateProvince":"","_VenueLat":"","_VenueLng":"","_VenueShowMap":false,"_VenueShowMapLink":false},"product_brand":[],"product_cat":[39],"product_tag":[],"class_list":{"0":"post-421","1":"product","2":"type-product","3":"status-publish","4":"has-post-thumbnail","6":"product_cat-pipot-ja-muut-paahineet","9":"first","10":"outofstock","11":"shipping-taxable","12":"purchasable","13":"product-type-simple"},"_links":{"self":[{"href":"https:\/\/www.vmaxclubfinland.com\/vm\/wp-json\/wp\/v2\/product\/421","targetHints":{"allow":["GET"]}}],"collection":[{"href":"https:\/\/www.vmaxclubfinland.com\/vm\/wp-json\/wp\/v2\/product"}],"about":[{"href":"https:\/\/www.vmaxclubfinland.com\/vm\/wp-json\/wp\/v2\/types\/product"}],"wp:featuredmedia":[{"embeddable":true,"href":"https:\/\/www.vmaxclubfinland.com\/vm\/wp-json\/wp\/v2\/media\/346"}],"wp:attachment":[{"href":"https:\/\/www.vmaxclubfinland.com\/vm\/wp-json\/wp\/v2\/media?parent=421"}],"wp:term":[{"taxonomy":"product_brand","embeddable":true,"href":"https:\/\/www.vmaxclubfinland.com\/vm\/wp-json\/wp\/v2\/product_brand?post=421"},{"taxonomy":"product_cat","embeddable":true,"href":"https:\/\/www.vmaxclubfinland.com\/vm\/wp-json\/wp\/v2\/product_cat?post=421"},{"taxonomy":"product_tag","embeddable":true,"href":"https:\/\/www.vmaxclubfinland.com\/vm\/wp-json\/wp\/v2\/product_tag?post=421"}],"curies":[{"name":"wp","href":"https:\/\/api.w.org\/{rel}","templated":true}]}}