{"id":444,"date":"2019-12-28T16:44:03","date_gmt":"2019-12-28T14:44:03","guid":{"rendered":"https:\/\/www.vmaxclubfinland.com\/vm\/?post_type=product&#038;p=444"},"modified":"2021-01-22T13:33:43","modified_gmt":"2021-01-22T11:33:43","slug":"lady-t-paita-pitka-malli-uudella-logolla-koko-m","status":"publish","type":"product","link":"https:\/\/www.vmaxclubfinland.com\/vm\/tuote\/lady-t-paita-pitka-malli-uudella-logolla-koko-m\/","title":{"rendered":"Lady T-paita pitk\u00e4 malli (uudella logolla) Koko M"},"content":{"rendered":"<p>Uudella Vmax-logolla varustettu Lady T-paita, pitk\u00e4n mallinen. Logo rinnassa ja sel\u00e4ss\u00e4.<\/p>\n<p>Koko M<\/p>\n","protected":false},"excerpt":{"rendered":"<p>Uudella Vmax-logolla varustettu Lady T-paita, pitk\u00e4n mallinen. Logo rinnassa ja sel\u00e4ss\u00e4. Koko M<\/p>\n","protected":false},"featured_media":396,"template":"","meta":{"_EventAllDay":false,"_EventTimezone":"","_EventStartDate":"","_EventEndDate":"","_EventStartDateUTC":"","_EventEndDateUTC":"","_EventShowMap":false,"_EventShowMapLink":false,"_EventURL":"","_EventCost":"","_EventCostDescription":"","_EventCurrencySymbol":"","_EventCurrencyCode":"","_EventCurrencyPosition":"","_EventDateTimeSeparator":"","_EventTimeRangeSeparator":"","_EventOrganizerID":[],"_EventVenueID":[],"_OrganizerEmail":"","_OrganizerPhone":"","_OrganizerWebsite":"","_VenueAddress":"","_VenueCity":"","_VenueCountry":"","_VenueProvince":"","_VenueState":"","_VenueZip":"","_VenuePhone":"","_VenueURL":"","_VenueStateProvince":"","_VenueLat":"","_VenueLng":"","_VenueShowMap":false,"_VenueShowMapLink":false},"product_brand":[],"product_cat":[46],"product_tag":[],"class_list":{"0":"post-444","1":"product","2":"type-product","3":"status-publish","4":"has-post-thumbnail","6":"product_cat-paidat-ja-topit","9":"first","10":"instock","11":"shipping-taxable","12":"purchasable","13":"product-type-simple"},"_links":{"self":[{"href":"https:\/\/www.vmaxclubfinland.com\/vm\/wp-json\/wp\/v2\/product\/444","targetHints":{"allow":["GET"]}}],"collection":[{"href":"https:\/\/www.vmaxclubfinland.com\/vm\/wp-json\/wp\/v2\/product"}],"about":[{"href":"https:\/\/www.vmaxclubfinland.com\/vm\/wp-json\/wp\/v2\/types\/product"}],"wp:featuredmedia":[{"embeddable":true,"href":"https:\/\/www.vmaxclubfinland.com\/vm\/wp-json\/wp\/v2\/media\/396"}],"wp:attachment":[{"href":"https:\/\/www.vmaxclubfinland.com\/vm\/wp-json\/wp\/v2\/media?parent=444"}],"wp:term":[{"taxonomy":"product_brand","embeddable":true,"href":"https:\/\/www.vmaxclubfinland.com\/vm\/wp-json\/wp\/v2\/product_brand?post=444"},{"taxonomy":"product_cat","embeddable":true,"href":"https:\/\/www.vmaxclubfinland.com\/vm\/wp-json\/wp\/v2\/product_cat?post=444"},{"taxonomy":"product_tag","embeddable":true,"href":"https:\/\/www.vmaxclubfinland.com\/vm\/wp-json\/wp\/v2\/product_tag?post=444"}],"curies":[{"name":"wp","href":"https:\/\/api.w.org\/{rel}","templated":true}]}}