{"id":450,"date":"2019-12-28T16:51:15","date_gmt":"2019-12-28T14:51:15","guid":{"rendered":"https:\/\/www.vmaxclubfinland.com\/vm\/?post_type=product&#038;p=450"},"modified":"2021-01-22T13:31:17","modified_gmt":"2021-01-22T11:31:17","slug":"lady-t-paita-pitka-malli-uudella-logolla-koko-xxl","status":"publish","type":"product","link":"https:\/\/www.vmaxclubfinland.com\/vm\/tuote\/lady-t-paita-pitka-malli-uudella-logolla-koko-xxl\/","title":{"rendered":"Lady T-paita pitk\u00e4 malli (uudella logolla) koko XXL"},"content":{"rendered":"<p>Uudella Vmax-logolla varustettu Lady T-paita, pitk\u00e4n mallinen. Logo rinnassa ja sel\u00e4ss\u00e4.<\/p>\n<p>&nbsp;<\/p>\n<p><img loading=\"lazy\" decoding=\"async\" class=\"alignnone size-medium wp-image-363\" src=\"https:\/\/www.vmaxclubfinland.com\/vm\/wp-content\/uploads\/2019\/12\/FullSizeRender-4-294x300.jpg\" alt=\"\" width=\"294\" height=\"300\" srcset=\"https:\/\/www.vmaxclubfinland.com\/vm\/wp-content\/uploads\/2019\/12\/FullSizeRender-4-294x300.jpg 294w, https:\/\/www.vmaxclubfinland.com\/vm\/wp-content\/uploads\/2019\/12\/FullSizeRender-4-1004x1024.jpg 1004w, https:\/\/www.vmaxclubfinland.com\/vm\/wp-content\/uploads\/2019\/12\/FullSizeRender-4-768x784.jpg 768w, https:\/\/www.vmaxclubfinland.com\/vm\/wp-content\/uploads\/2019\/12\/FullSizeRender-4-1506x1536.jpg 1506w, https:\/\/www.vmaxclubfinland.com\/vm\/wp-content\/uploads\/2019\/12\/FullSizeRender-4-2007x2048.jpg 2007w, https:\/\/www.vmaxclubfinland.com\/vm\/wp-content\/uploads\/2019\/12\/FullSizeRender-4-300x306.jpg 300w\" sizes=\"auto, (max-width: 294px) 100vw, 294px\" \/><\/p>\n","protected":false},"excerpt":{"rendered":"<p>Uudella Vmax-logolla varustettu Lady T-paita, pitk\u00e4n mallinen. Logo rinnassa ja sel\u00e4ss\u00e4. &nbsp;<\/p>\n","protected":false},"featured_media":396,"template":"","meta":{"_EventAllDay":false,"_EventTimezone":"","_EventStartDate":"","_EventEndDate":"","_EventStartDateUTC":"","_EventEndDateUTC":"","_EventShowMap":false,"_EventShowMapLink":false,"_EventURL":"","_EventCost":"","_EventCostDescription":"","_EventCurrencySymbol":"","_EventCurrencyCode":"","_EventCurrencyPosition":"","_EventDateTimeSeparator":"","_EventTimeRangeSeparator":"","_EventOrganizerID":[],"_EventVenueID":[],"_OrganizerEmail":"","_OrganizerPhone":"","_OrganizerWebsite":"","_VenueAddress":"","_VenueCity":"","_VenueCountry":"","_VenueProvince":"","_VenueState":"","_VenueZip":"","_VenuePhone":"","_VenueURL":"","_VenueStateProvince":"","_VenueLat":"","_VenueLng":"","_VenueShowMap":false,"_VenueShowMapLink":false},"product_brand":[],"product_cat":[46],"product_tag":[],"class_list":{"0":"post-450","1":"product","2":"type-product","3":"status-publish","4":"has-post-thumbnail","6":"product_cat-paidat-ja-topit","9":"first","10":"instock","11":"shipping-taxable","12":"purchasable","13":"product-type-simple"},"_links":{"self":[{"href":"https:\/\/www.vmaxclubfinland.com\/vm\/wp-json\/wp\/v2\/product\/450","targetHints":{"allow":["GET"]}}],"collection":[{"href":"https:\/\/www.vmaxclubfinland.com\/vm\/wp-json\/wp\/v2\/product"}],"about":[{"href":"https:\/\/www.vmaxclubfinland.com\/vm\/wp-json\/wp\/v2\/types\/product"}],"wp:featuredmedia":[{"embeddable":true,"href":"https:\/\/www.vmaxclubfinland.com\/vm\/wp-json\/wp\/v2\/media\/396"}],"wp:attachment":[{"href":"https:\/\/www.vmaxclubfinland.com\/vm\/wp-json\/wp\/v2\/media?parent=450"}],"wp:term":[{"taxonomy":"product_brand","embeddable":true,"href":"https:\/\/www.vmaxclubfinland.com\/vm\/wp-json\/wp\/v2\/product_brand?post=450"},{"taxonomy":"product_cat","embeddable":true,"href":"https:\/\/www.vmaxclubfinland.com\/vm\/wp-json\/wp\/v2\/product_cat?post=450"},{"taxonomy":"product_tag","embeddable":true,"href":"https:\/\/www.vmaxclubfinland.com\/vm\/wp-json\/wp\/v2\/product_tag?post=450"}],"curies":[{"name":"wp","href":"https:\/\/api.w.org\/{rel}","templated":true}]}}